{"id":8496,"date":"2020-10-20T07:23:55","date_gmt":"2020-10-20T07:23:55","guid":{"rendered":"https:\/\/solsonacomunicacion.com\/gracies\/"},"modified":"2022-02-17T18:16:21","modified_gmt":"2022-02-17T18:16:21","slug":"gracies","status":"publish","type":"page","link":"https:\/\/solsonacomunicacion.com\/ca\/gracies\/","title":{"rendered":"Gr\u00e0cies"},"content":{"rendered":"\t\t<div data-elementor-type=\"wp-page\" data-elementor-id=\"8496\" class=\"elementor elementor-8496 elementor-620\" data-elementor-post-type=\"page\">\n\t\t\t\t\t\t<section class=\"elementor-section elementor-top-section elementor-element elementor-element-becece0 elementor-section-boxed elementor-section-height-default elementor-section-height-default\" data-id=\"becece0\" data-element_type=\"section\" data-e-type=\"section\">\n\t\t\t\t\t\t<div class=\"elementor-container elementor-column-gap-default\">\n\t\t\t\t\t<div class=\"elementor-column elementor-col-100 elementor-top-column elementor-element elementor-element-5653612\" data-id=\"5653612\" data-element_type=\"column\" data-e-type=\"column\">\n\t\t\t<div class=\"elementor-widget-wrap elementor-element-populated\">\n\t\t\t\t\t\t<div class=\"elementor-element elementor-element-156509f elementor-widget elementor-widget-heading\" data-id=\"156509f\" data-element_type=\"widget\" data-e-type=\"widget\" data-widget_type=\"heading.default\">\n\t\t\t\t<div class=\"elementor-widget-container\">\n\t\t\t\t\t<h2 class=\"elementor-heading-title elementor-size-default\">Explica'ns el teu problema de comunicaci\u00f3 <br>i el convertirem en una oportunitat de negoci.<\/h2>\t\t\t\t<\/div>\n\t\t\t\t<\/div>\n\t\t\t\t<section class=\"elementor-section elementor-inner-section elementor-element elementor-element-c3d2c50 elementor-hidden-phone elementor-section-boxed elementor-section-height-default elementor-section-height-default\" data-id=\"c3d2c50\" data-element_type=\"section\" data-e-type=\"section\">\n\t\t\t\t\t\t<div class=\"elementor-container elementor-column-gap-default\">\n\t\t\t\t\t<div class=\"elementor-column elementor-col-50 elementor-inner-column elementor-element elementor-element-0e6105b\" data-id=\"0e6105b\" data-element_type=\"column\" data-e-type=\"column\">\n\t\t\t<div class=\"elementor-widget-wrap elementor-element-populated\">\n\t\t\t\t\t\t<div class=\"elementor-element elementor-element-d3a7323 elementor-widget elementor-widget-heading\" data-id=\"d3a7323\" data-element_type=\"widget\" data-e-type=\"widget\" data-widget_type=\"heading.default\">\n\t\t\t\t<div class=\"elementor-widget-container\">\n\t\t\t\t\t<h4 class=\"elementor-heading-title elementor-size-default\">Barcelona<\/h4>\t\t\t\t<\/div>\n\t\t\t\t<\/div>\n\t\t\t\t<div class=\"elementor-element elementor-element-205f9ff elementor-widget elementor-widget-heading\" data-id=\"205f9ff\" data-element_type=\"widget\" data-e-type=\"widget\" data-widget_type=\"heading.default\">\n\t\t\t\t<div class=\"elementor-widget-container\">\n\t\t\t\t\t<h4 class=\"elementor-heading-title elementor-size-default\">Enric Granados 145, 2n 1a 08008 \u00b7 Barcelona<\/h4>\t\t\t\t<\/div>\n\t\t\t\t<\/div>\n\t\t\t\t<div class=\"elementor-element elementor-element-02a979e elementor-widget elementor-widget-heading\" data-id=\"02a979e\" data-element_type=\"widget\" data-e-type=\"widget\" data-widget_type=\"heading.default\">\n\t\t\t\t<div class=\"elementor-widget-container\">\n\t\t\t\t\t<h4 class=\"elementor-heading-title elementor-size-default\"><a href=\"mailto:info@solsonacomunicacion.com\">Email: <span>info@solsonacomunicacion.com<\/span><\/a><\/h4>\t\t\t\t<\/div>\n\t\t\t\t<\/div>\n\t\t\t\t<div class=\"elementor-element elementor-element-fd802bb elementor-widget elementor-widget-heading\" data-id=\"fd802bb\" data-element_type=\"widget\" data-e-type=\"widget\" data-widget_type=\"heading.default\">\n\t\t\t\t<div class=\"elementor-widget-container\">\n\t\t\t\t\t<h4 class=\"elementor-heading-title elementor-size-default\"><a href=\"\">Tel\u00e8fon: <span> +34 932 374 988<\/span><\/a><\/h4>\t\t\t\t<\/div>\n\t\t\t\t<\/div>\n\t\t\t\t\t<\/div>\n\t\t<\/div>\n\t\t\t\t<div class=\"elementor-column elementor-col-50 elementor-inner-column elementor-element elementor-element-ceade46\" data-id=\"ceade46\" data-element_type=\"column\" data-e-type=\"column\">\n\t\t\t<div class=\"elementor-widget-wrap elementor-element-populated\">\n\t\t\t\t\t\t<div class=\"elementor-element elementor-element-6fa5d94 elementor-widget elementor-widget-heading\" data-id=\"6fa5d94\" data-element_type=\"widget\" data-e-type=\"widget\" data-widget_type=\"heading.default\">\n\t\t\t\t<div class=\"elementor-widget-container\">\n\t\t\t\t\t<h5 class=\"elementor-heading-title elementor-size-default\">Formulari enviat correctament, en breu ens posarem en contacte amb tu. <br><br>Moltes gr\u00e0cies.<\/h5>\t\t\t\t<\/div>\n\t\t\t\t<\/div>\n\t\t\t\t\t<\/div>\n\t\t<\/div>\n\t\t\t\t\t<\/div>\n\t\t<\/section>\n\t\t\t\t<section class=\"elementor-section elementor-inner-section elementor-element elementor-element-2434fa2 elementor-hidden-desktop elementor-hidden-tablet elementor-section-boxed elementor-section-height-default elementor-section-height-default\" data-id=\"2434fa2\" data-element_type=\"section\" data-e-type=\"section\">\n\t\t\t\t\t\t<div class=\"elementor-container elementor-column-gap-default\">\n\t\t\t\t\t<div class=\"elementor-column elementor-col-50 elementor-inner-column elementor-element elementor-element-c287a83\" data-id=\"c287a83\" data-element_type=\"column\" data-e-type=\"column\">\n\t\t\t<div class=\"elementor-widget-wrap elementor-element-populated\">\n\t\t\t\t\t\t<div class=\"elementor-element elementor-element-6254710 elementor-widget elementor-widget-heading\" data-id=\"6254710\" data-element_type=\"widget\" data-e-type=\"widget\" data-widget_type=\"heading.default\">\n\t\t\t\t<div class=\"elementor-widget-container\">\n\t\t\t\t\t<h4 class=\"elementor-heading-title elementor-size-default\">Barcelona<\/h4>\t\t\t\t<\/div>\n\t\t\t\t<\/div>\n\t\t\t\t<div class=\"elementor-element elementor-element-5f6e9bf elementor-widget elementor-widget-heading\" data-id=\"5f6e9bf\" data-element_type=\"widget\" data-e-type=\"widget\" data-widget_type=\"heading.default\">\n\t\t\t\t<div class=\"elementor-widget-container\">\n\t\t\t\t\t<h4 class=\"elementor-heading-title elementor-size-default\">Enric Granados 145, 2n 1a 08008 \u00b7 Barcelona<\/h4>\t\t\t\t<\/div>\n\t\t\t\t<\/div>\n\t\t\t\t<div class=\"elementor-element elementor-element-5ebc3ac elementor-widget elementor-widget-heading\" data-id=\"5ebc3ac\" data-element_type=\"widget\" data-e-type=\"widget\" data-widget_type=\"heading.default\">\n\t\t\t\t<div class=\"elementor-widget-container\">\n\t\t\t\t\t<h4 class=\"elementor-heading-title elementor-size-default\"><a href=\"mailto:info@solsonacomunicacion.com\">Email: <span>info@solsonacomunicacion.com<\/span><\/a><\/h4>\t\t\t\t<\/div>\n\t\t\t\t<\/div>\n\t\t\t\t<div class=\"elementor-element elementor-element-9eed0b3 elementor-widget elementor-widget-heading\" data-id=\"9eed0b3\" data-element_type=\"widget\" data-e-type=\"widget\" data-widget_type=\"heading.default\">\n\t\t\t\t<div class=\"elementor-widget-container\">\n\t\t\t\t\t<h4 class=\"elementor-heading-title elementor-size-default\"><a href=\"\">Tel\u00e8fon: <span> +34 932 374 988<\/span><\/a><\/h4>\t\t\t\t<\/div>\n\t\t\t\t<\/div>\n\t\t\t\t\t<\/div>\n\t\t<\/div>\n\t\t\t\t<div class=\"elementor-column elementor-col-50 elementor-inner-column elementor-element elementor-element-655fe94 elementor-hidden-desktop elementor-hidden-tablet\" data-id=\"655fe94\" data-element_type=\"column\" data-e-type=\"column\" data-settings=\"{&quot;background_background&quot;:&quot;classic&quot;}\">\n\t\t\t<div class=\"elementor-widget-wrap elementor-element-populated\">\n\t\t\t\t\t\t<div class=\"elementor-element elementor-element-b07445e elementor-widget elementor-widget-heading\" data-id=\"b07445e\" data-element_type=\"widget\" data-e-type=\"widget\" data-widget_type=\"heading.default\">\n\t\t\t\t<div class=\"elementor-widget-container\">\n\t\t\t\t\t<h5 class=\"elementor-heading-title elementor-size-default\">Formulari enviat correctament, en breu ens posarem en contacte amb tu. <br><br>Moltes gr\u00e0cies.<\/h5>\t\t\t\t<\/div>\n\t\t\t\t<\/div>\n\t\t\t\t\t<\/div>\n\t\t<\/div>\n\t\t\t\t\t<\/div>\n\t\t<\/section>\n\t\t\t\t\t<\/div>\n\t\t<\/div>\n\t\t\t\t\t<\/div>\n\t\t<\/section>\n\t\t\t\t<section class=\"elementor-section elementor-top-section elementor-element elementor-element-a1f95c8 elementor-section-full_width elementor-section-height-min-height elementor-section-height-default elementor-section-items-middle\" data-id=\"a1f95c8\" data-element_type=\"section\" data-e-type=\"section\">\n\t\t\t\t\t\t\t<div class=\"elementor-background-overlay\"><\/div>\n\t\t\t\t\t\t\t<div class=\"elementor-container elementor-column-gap-default\">\n\t\t\t\t\t<div class=\"elementor-column elementor-col-100 elementor-top-column elementor-element elementor-element-7bd28a4\" data-id=\"7bd28a4\" data-element_type=\"column\" data-e-type=\"column\">\n\t\t\t<div class=\"elementor-widget-wrap elementor-element-populated\">\n\t\t\t\t\t\t<div class=\"elementor-element elementor-element-585b0d0 elementor-widget elementor-widget-uael-google-map\" data-id=\"585b0d0\" data-element_type=\"widget\" data-e-type=\"widget\" data-settings=\"{&quot;advance_marker&quot;:&quot;no&quot;,&quot;zoom_control&quot;:&quot;yes&quot;}\" data-widget_type=\"uael-google-map.default\">\n\t\t\t\t<div class=\"elementor-widget-container\">\n\t\t\t\t\t\t\t<div class=\"uael-google-map-wrap\">\n\t\t\t<div id=\"uael-google-map-585b0d0\" class=\"uael-google-map\" data-map_options=\"{&quot;zoom&quot;:13,&quot;mapTypeId&quot;:&quot;roadmap&quot;,&quot;mapTypeControl&quot;:false,&quot;streetViewControl&quot;:false,&quot;zoomControl&quot;:true,&quot;fullscreenControl&quot;:false,&quot;gestureHandling&quot;:true}\" data-cluster=\"\" data-cluster-attr=\"[]\" data-max-width=\"250\" data-locations=\"[[&quot;41.394280&quot;,&quot;2.153630&quot;,false,&quot;Enric Granados 145, 2n 2a 08008 \\u00b7 Barcelona&quot;,null,&quot;&quot;,&quot;&quot;,&quot;&quot;,&quot;&quot;]]\" data-animate=\"\" data-auto-center=\"center\" data-map-id=\"\" data-advance-marker=\"no\" data-predefined-style=\"silver\"><\/div>\n\t\t<\/div>\n\t\t\t\t\t\t<\/div>\n\t\t\t\t<\/div>\n\t\t\t\t\t<\/div>\n\t\t<\/div>\n\t\t\t\t\t<\/div>\n\t\t<\/section>\n\t\t\t\t<\/div>\n\t\t","protected":false},"excerpt":{"rendered":"<p>Explica&#8217;ns el teu problema de comunicaci\u00f3 i el convertirem en una oportunitat de negoci. Barcelona Enric Granados 145, 2n 1a 08008 \u00b7 Barcelona Email: info@solsonacomunicacion.com Tel\u00e8fon: +34 932 374 988 Formulari enviat correctament, en breu ens posarem en contacte amb tu. Moltes gr\u00e0cies. Barcelona Enric Granados 145, 2n 1a 08008 \u00b7 Barcelona Email: info@solsonacomunicacion.com Tel\u00e8fon: [&hellip;]<\/p>\n","protected":false},"author":1,"featured_media":0,"parent":0,"menu_order":25,"comment_status":"closed","ping_status":"closed","template":"","meta":{"_acf_changed":false,"advgb_blocks_editor_width":"","advgb_blocks_columns_visual_guide":"","footnotes":""},"class_list":["post-8496","page","type-page","status-publish","hentry"],"acf":[],"yoast_head":"<!-- This site is optimized with the Yoast SEO plugin v27.5 - https:\/\/yoast.com\/product\/yoast-seo-wordpress\/ -->\n<title>Gr\u00e0cies - Solsona Comunicaci\u00f3n<\/title>\n<meta name=\"robots\" content=\"index, follow, max-snippet:-1, max-image-preview:large, max-video-preview:-1\" \/>\n<link rel=\"canonical\" href=\"https:\/\/solsonacomunicacion.com\/ca\/gracies\/\" \/>\n<meta property=\"og:locale\" content=\"ca_ES\" \/>\n<meta property=\"og:type\" content=\"article\" \/>\n<meta property=\"og:title\" content=\"Gr\u00e0cies - Solsona Comunicaci\u00f3n\" \/>\n<meta property=\"og:description\" content=\"Explica&#8217;ns el teu problema de comunicaci\u00f3 i el convertirem en una oportunitat de negoci. Barcelona Enric Granados 145, 2n 1a 08008 \u00b7 Barcelona Email: info@solsonacomunicacion.com Tel\u00e8fon: +34 932 374 988 Formulari enviat correctament, en breu ens posarem en contacte amb tu. Moltes gr\u00e0cies. Barcelona Enric Granados 145, 2n 1a 08008 \u00b7 Barcelona Email: info@solsonacomunicacion.com Tel\u00e8fon: [&hellip;]\" \/>\n<meta property=\"og:url\" content=\"https:\/\/solsonacomunicacion.com\/ca\/gracies\/\" \/>\n<meta property=\"og:site_name\" content=\"Solsona Comunicaci\u00f3n\" \/>\n<meta property=\"article:modified_time\" content=\"2022-02-17T18:16:21+00:00\" \/>\n<meta name=\"twitter:card\" content=\"summary_large_image\" \/>\n<script type=\"application\/ld+json\" class=\"yoast-schema-graph\">{\"@context\":\"https:\\\/\\\/schema.org\",\"@graph\":[{\"@type\":\"WebPage\",\"@id\":\"https:\\\/\\\/solsonacomunicacion.com\\\/ca\\\/gracies\\\/\",\"url\":\"https:\\\/\\\/solsonacomunicacion.com\\\/ca\\\/gracies\\\/\",\"name\":\"Gr\u00e0cies - Solsona Comunicaci\u00f3n\",\"isPartOf\":{\"@id\":\"https:\\\/\\\/solsonacomunicacion.com\\\/ca\\\/#website\"},\"datePublished\":\"2020-10-20T07:23:55+00:00\",\"dateModified\":\"2022-02-17T18:16:21+00:00\",\"breadcrumb\":{\"@id\":\"https:\\\/\\\/solsonacomunicacion.com\\\/ca\\\/gracies\\\/#breadcrumb\"},\"inLanguage\":\"ca\",\"potentialAction\":[{\"@type\":\"ReadAction\",\"target\":[\"https:\\\/\\\/solsonacomunicacion.com\\\/ca\\\/gracies\\\/\"]}]},{\"@type\":\"BreadcrumbList\",\"@id\":\"https:\\\/\\\/solsonacomunicacion.com\\\/ca\\\/gracies\\\/#breadcrumb\",\"itemListElement\":[{\"@type\":\"ListItem\",\"position\":1,\"name\":\"Home\",\"item\":\"https:\\\/\\\/solsonacomunicacion.com\\\/ca\\\/\"},{\"@type\":\"ListItem\",\"position\":2,\"name\":\"Gr\u00e0cies\"}]},{\"@type\":\"WebSite\",\"@id\":\"https:\\\/\\\/solsonacomunicacion.com\\\/ca\\\/#website\",\"url\":\"https:\\\/\\\/solsonacomunicacion.com\\\/ca\\\/\",\"name\":\"Solsona Comunicaci\u00f3n\",\"description\":\"Agencia global de comunicaci\u00f3n y relaciones p\u00fablicas que colabora en la construcci\u00f3n e implantaci\u00f3n de s\u00f3lidas estrategias, con el objetivo de aportar valor a las distintas empresas y organizaciones con las que colabora.\",\"publisher\":{\"@id\":\"https:\\\/\\\/solsonacomunicacion.com\\\/ca\\\/#organization\"},\"potentialAction\":[{\"@type\":\"SearchAction\",\"target\":{\"@type\":\"EntryPoint\",\"urlTemplate\":\"https:\\\/\\\/solsonacomunicacion.com\\\/ca\\\/?s={search_term_string}\"},\"query-input\":{\"@type\":\"PropertyValueSpecification\",\"valueRequired\":true,\"valueName\":\"search_term_string\"}}],\"inLanguage\":\"ca\"},{\"@type\":\"Organization\",\"@id\":\"https:\\\/\\\/solsonacomunicacion.com\\\/ca\\\/#organization\",\"name\":\"Solsona Comunicaci\u00f3n\",\"url\":\"https:\\\/\\\/solsonacomunicacion.com\\\/ca\\\/\",\"logo\":{\"@type\":\"ImageObject\",\"inLanguage\":\"ca\",\"@id\":\"https:\\\/\\\/solsonacomunicacion.com\\\/ca\\\/#\\\/schema\\\/logo\\\/image\\\/\",\"url\":\"https:\\\/\\\/solsonacomunicacion.com\\\/wp-content\\\/uploads\\\/2020\\\/10\\\/Logo-blanco-web-1.png\",\"contentUrl\":\"https:\\\/\\\/solsonacomunicacion.com\\\/wp-content\\\/uploads\\\/2020\\\/10\\\/Logo-blanco-web-1.png\",\"width\":1642,\"height\":455,\"caption\":\"Solsona Comunicaci\u00f3n\"},\"image\":{\"@id\":\"https:\\\/\\\/solsonacomunicacion.com\\\/ca\\\/#\\\/schema\\\/logo\\\/image\\\/\"}}]}<\/script>\n<!-- \/ Yoast SEO plugin. -->","yoast_head_json":{"title":"Gr\u00e0cies - Solsona Comunicaci\u00f3n","robots":{"index":"index","follow":"follow","max-snippet":"max-snippet:-1","max-image-preview":"max-image-preview:large","max-video-preview":"max-video-preview:-1"},"canonical":"https:\/\/solsonacomunicacion.com\/ca\/gracies\/","og_locale":"ca_ES","og_type":"article","og_title":"Gr\u00e0cies - Solsona Comunicaci\u00f3n","og_description":"Explica&#8217;ns el teu problema de comunicaci\u00f3 i el convertirem en una oportunitat de negoci. Barcelona Enric Granados 145, 2n 1a 08008 \u00b7 Barcelona Email: info@solsonacomunicacion.com Tel\u00e8fon: +34 932 374 988 Formulari enviat correctament, en breu ens posarem en contacte amb tu. Moltes gr\u00e0cies. Barcelona Enric Granados 145, 2n 1a 08008 \u00b7 Barcelona Email: info@solsonacomunicacion.com Tel\u00e8fon: [&hellip;]","og_url":"https:\/\/solsonacomunicacion.com\/ca\/gracies\/","og_site_name":"Solsona Comunicaci\u00f3n","article_modified_time":"2022-02-17T18:16:21+00:00","twitter_card":"summary_large_image","schema":{"@context":"https:\/\/schema.org","@graph":[{"@type":"WebPage","@id":"https:\/\/solsonacomunicacion.com\/ca\/gracies\/","url":"https:\/\/solsonacomunicacion.com\/ca\/gracies\/","name":"Gr\u00e0cies - Solsona Comunicaci\u00f3n","isPartOf":{"@id":"https:\/\/solsonacomunicacion.com\/ca\/#website"},"datePublished":"2020-10-20T07:23:55+00:00","dateModified":"2022-02-17T18:16:21+00:00","breadcrumb":{"@id":"https:\/\/solsonacomunicacion.com\/ca\/gracies\/#breadcrumb"},"inLanguage":"ca","potentialAction":[{"@type":"ReadAction","target":["https:\/\/solsonacomunicacion.com\/ca\/gracies\/"]}]},{"@type":"BreadcrumbList","@id":"https:\/\/solsonacomunicacion.com\/ca\/gracies\/#breadcrumb","itemListElement":[{"@type":"ListItem","position":1,"name":"Home","item":"https:\/\/solsonacomunicacion.com\/ca\/"},{"@type":"ListItem","position":2,"name":"Gr\u00e0cies"}]},{"@type":"WebSite","@id":"https:\/\/solsonacomunicacion.com\/ca\/#website","url":"https:\/\/solsonacomunicacion.com\/ca\/","name":"Solsona Comunicaci\u00f3n","description":"Agencia global de comunicaci\u00f3n y relaciones p\u00fablicas que colabora en la construcci\u00f3n e implantaci\u00f3n de s\u00f3lidas estrategias, con el objetivo de aportar valor a las distintas empresas y organizaciones con las que colabora.","publisher":{"@id":"https:\/\/solsonacomunicacion.com\/ca\/#organization"},"potentialAction":[{"@type":"SearchAction","target":{"@type":"EntryPoint","urlTemplate":"https:\/\/solsonacomunicacion.com\/ca\/?s={search_term_string}"},"query-input":{"@type":"PropertyValueSpecification","valueRequired":true,"valueName":"search_term_string"}}],"inLanguage":"ca"},{"@type":"Organization","@id":"https:\/\/solsonacomunicacion.com\/ca\/#organization","name":"Solsona Comunicaci\u00f3n","url":"https:\/\/solsonacomunicacion.com\/ca\/","logo":{"@type":"ImageObject","inLanguage":"ca","@id":"https:\/\/solsonacomunicacion.com\/ca\/#\/schema\/logo\/image\/","url":"https:\/\/solsonacomunicacion.com\/wp-content\/uploads\/2020\/10\/Logo-blanco-web-1.png","contentUrl":"https:\/\/solsonacomunicacion.com\/wp-content\/uploads\/2020\/10\/Logo-blanco-web-1.png","width":1642,"height":455,"caption":"Solsona Comunicaci\u00f3n"},"image":{"@id":"https:\/\/solsonacomunicacion.com\/ca\/#\/schema\/logo\/image\/"}}]}},"coauthors":[],"author_meta":{"author_link":"https:\/\/solsonacomunicacion.com\/ca\/author\/websalia\/","display_name":"websalia"},"relative_dates":{"created":"Posted 6 anys ago","modified":"Updated 4 anys ago"},"absolute_dates":{"created":"Posted on 20 d'octubre de 2020","modified":"Updated on 17 de febrer de 2022"},"absolute_dates_time":{"created":"Posted on 20 d'octubre de 2020 7:23","modified":"Updated on 17 de febrer de 2022 18:16"},"featured_img_caption":"","featured_img":false,"series_order":"","_links":{"self":[{"href":"https:\/\/solsonacomunicacion.com\/ca\/wp-json\/wp\/v2\/pages\/8496","targetHints":{"allow":["GET"]}}],"collection":[{"href":"https:\/\/solsonacomunicacion.com\/ca\/wp-json\/wp\/v2\/pages"}],"about":[{"href":"https:\/\/solsonacomunicacion.com\/ca\/wp-json\/wp\/v2\/types\/page"}],"author":[{"embeddable":true,"href":"https:\/\/solsonacomunicacion.com\/ca\/wp-json\/wp\/v2\/users\/1"}],"replies":[{"embeddable":true,"href":"https:\/\/solsonacomunicacion.com\/ca\/wp-json\/wp\/v2\/comments?post=8496"}],"version-history":[{"count":1,"href":"https:\/\/solsonacomunicacion.com\/ca\/wp-json\/wp\/v2\/pages\/8496\/revisions"}],"predecessor-version":[{"id":8497,"href":"https:\/\/solsonacomunicacion.com\/ca\/wp-json\/wp\/v2\/pages\/8496\/revisions\/8497"}],"wp:attachment":[{"href":"https:\/\/solsonacomunicacion.com\/ca\/wp-json\/wp\/v2\/media?parent=8496"}],"curies":[{"name":"wp","href":"https:\/\/api.w.org\/{rel}","templated":true}]}}