{"id":8413,"date":"2020-11-17T21:17:41","date_gmt":"2020-11-17T20:17:41","guid":{"rendered":"https:\/\/solsonacomunicacion.com\/projectes\/"},"modified":"2023-10-10T10:54:14","modified_gmt":"2023-10-10T08:54:14","slug":"projectes","status":"publish","type":"page","link":"https:\/\/solsonacomunicacion.com\/ca\/projectes\/","title":{"rendered":"Projectes"},"content":{"rendered":"\t\t<div data-elementor-type=\"wp-page\" data-elementor-id=\"8413\" class=\"elementor elementor-8413 elementor-2524\" data-elementor-post-type=\"page\">\n\t\t\t\t\t\t<section class=\"elementor-section elementor-top-section elementor-element elementor-element-2ca1477e elementor-section-boxed elementor-section-height-default elementor-section-height-default\" data-id=\"2ca1477e\" data-element_type=\"section\" data-e-type=\"section\">\n\t\t\t\t\t\t<div class=\"elementor-container elementor-column-gap-default\">\n\t\t\t\t\t<div class=\"elementor-column elementor-col-100 elementor-top-column elementor-element elementor-element-729e44b6\" data-id=\"729e44b6\" data-element_type=\"column\" data-e-type=\"column\">\n\t\t\t<div class=\"elementor-widget-wrap elementor-element-populated\">\n\t\t\t\t\t\t<div class=\"elementor-element elementor-element-1157e06f elementor-widget elementor-widget-heading\" data-id=\"1157e06f\" data-element_type=\"widget\" data-e-type=\"widget\" data-widget_type=\"heading.default\">\n\t\t\t\t<div class=\"elementor-widget-container\">\n\t\t\t\t\t<h2 class=\"elementor-heading-title elementor-size-default\">PROJECTES<\/h2>\t\t\t\t<\/div>\n\t\t\t\t<\/div>\n\t\t\t\t\t<\/div>\n\t\t<\/div>\n\t\t\t\t\t<\/div>\n\t\t<\/section>\n\t\t\t\t<section class=\"elementor-section elementor-top-section elementor-element elementor-element-61b420d elementor-section-full_width elementor-section-height-default elementor-section-height-default\" data-id=\"61b420d\" data-element_type=\"section\" data-e-type=\"section\">\n\t\t\t\t\t\t<div class=\"elementor-container elementor-column-gap-default\">\n\t\t\t\t\t<div class=\"elementor-column elementor-col-100 elementor-top-column elementor-element elementor-element-0100eeb\" data-id=\"0100eeb\" data-element_type=\"column\" data-e-type=\"column\">\n\t\t\t<div class=\"elementor-widget-wrap elementor-element-populated\">\n\t\t\t\t\t\t<div class=\"elementor-element elementor-element-d4c0873 elementor-widget elementor-widget-htmega-tab-addons\" data-id=\"d4c0873\" data-element_type=\"widget\" data-e-type=\"widget\" data-widget_type=\"htmega-tab-addons.default\">\n\t\t\t\t<div class=\"elementor-widget-container\">\n\t\t\t\t\t            <div class=\"htmega-tab-area htmega-tab-style-1\">\n\n                <div class=\"htmega-tab-nav htb-nav htmega-tab-menu-style-1\" role=\"tablist\">\n                    <a class=\"htb-nav-link htb-active htb-show elementor-repeater-item-15e49e8\" href=\"#htmegatab-d4c08731\" data-toggle=\"htbtab\" role=\"tab\">Comunicaci\u00f3<\/a><a class=\"htb-nav-link  elementor-repeater-item-b295aac\" href=\"#htmegatab-d4c08732\" data-toggle=\"htbtab\" role=\"tab\">Digital<\/a><a class=\"htb-nav-link  elementor-repeater-item-df32fb1\" href=\"#htmegatab-d4c08733\" data-toggle=\"htbtab\" role=\"tab\">Eventos<\/a><a class=\"htb-nav-link  elementor-repeater-item-3c31ea0\" href=\"#htmegatab-d4c08734\" data-toggle=\"htbtab\" role=\"tab\">Protocolo<\/a>                <\/div>\n\n                <div class=\"htmega-tab-content-area htb-tab-content\">\n                    <div class=\"htmega-single-tab htb-tab-pane htb-fade htb-active htb-show elementor-repeater-item-15e49e8\" id=\"htmegatab-d4c08731\" role=\"tabpanel\"><div class=\"htmega-tab-content\"><\/div><\/div><div class=\"htmega-single-tab htb-tab-pane htb-fade  elementor-repeater-item-b295aac\" id=\"htmegatab-d4c08732\" role=\"tabpanel\"><div class=\"htmega-tab-content\"><\/div><\/div><div class=\"htmega-single-tab htb-tab-pane htb-fade  elementor-repeater-item-df32fb1\" id=\"htmegatab-d4c08733\" role=\"tabpanel\"><div class=\"htmega-tab-content\"><\/div><\/div><div class=\"htmega-single-tab htb-tab-pane htb-fade  elementor-repeater-item-3c31ea0\" id=\"htmegatab-d4c08734\" role=\"tabpanel\"><div class=\"htmega-tab-content\"><\/div><\/div>                <\/div>\n            <\/div>\n            <script>\n                ;(function($){\n                    $(\".htb-nav a\").on(\"click\", function(){\n                        let activeId = $(this).attr(\"href\");\n                        $(this).siblings('.htb-active').removeClass('htb-active htb-show');\n                        $(this).addClass( 'htb-active htb-show' );\n\n                        let navWrapper = $(this).closest('.htmega-tab-nav');\n                        let contentWrapper = navWrapper.next();\n                        contentWrapper.find( ' > .htb-tab-pane' ).removeClass( 'htb-active htb-show' );\n                        contentWrapper.find( ' > .htb-tab-pane' + activeId ).addClass( 'htb-active htb-show' );\n                    });\n                    })(jQuery);\n                <\/script>\n        \t\t\t\t<\/div>\n\t\t\t\t<\/div>\n\t\t\t\t\t<\/div>\n\t\t<\/div>\n\t\t\t\t\t<\/div>\n\t\t<\/section>\n\t\t\t\t<section class=\"elementor-section elementor-top-section elementor-element elementor-element-8331af4 elementor-section-boxed elementor-section-height-default elementor-section-height-default\" data-id=\"8331af4\" data-element_type=\"section\" data-e-type=\"section\">\n\t\t\t\t\t\t<div class=\"elementor-container elementor-column-gap-default\">\n\t\t\t\t\t<div class=\"elementor-column elementor-col-100 elementor-top-column elementor-element elementor-element-7e8c4ec\" data-id=\"7e8c4ec\" data-element_type=\"column\" data-e-type=\"column\">\n\t\t\t<div class=\"elementor-widget-wrap elementor-element-populated\">\n\t\t\t\t\t\t<div class=\"elementor-element elementor-element-ff93fbe elementor-widget elementor-widget-spacer\" data-id=\"ff93fbe\" data-element_type=\"widget\" data-e-type=\"widget\" data-widget_type=\"spacer.default\">\n\t\t\t\t<div class=\"elementor-widget-container\">\n\t\t\t\t\t\t\t<div class=\"elementor-spacer\">\n\t\t\t<div class=\"elementor-spacer-inner\"><\/div>\n\t\t<\/div>\n\t\t\t\t\t\t<\/div>\n\t\t\t\t<\/div>\n\t\t\t\t\t<\/div>\n\t\t<\/div>\n\t\t\t\t\t<\/div>\n\t\t<\/section>\n\t\t\t\t<section class=\"elementor-section elementor-top-section elementor-element elementor-element-3fd74c52 elementor-hidden-desktop elementor-hidden-tablet elementor-section-boxed elementor-section-height-default elementor-section-height-default\" data-id=\"3fd74c52\" data-element_type=\"section\" data-e-type=\"section\" data-settings=\"{&quot;background_background&quot;:&quot;classic&quot;}\">\n\t\t\t\t\t\t<div class=\"elementor-container elementor-column-gap-default\">\n\t\t\t\t\t<div class=\"elementor-column elementor-col-50 elementor-top-column elementor-element elementor-element-5e61491e\" data-id=\"5e61491e\" data-element_type=\"column\" data-e-type=\"column\" data-settings=\"{&quot;background_background&quot;:&quot;classic&quot;}\">\n\t\t\t<div class=\"elementor-widget-wrap elementor-element-populated\">\n\t\t\t\t\t\t<div class=\"elementor-element elementor-element-157ca992 elementor-widget__width-auto elementor-widget elementor-widget-image\" data-id=\"157ca992\" data-element_type=\"widget\" data-e-type=\"widget\" data-widget_type=\"image.default\">\n\t\t\t\t<div class=\"elementor-widget-container\">\n\t\t\t\t\t\t\t\t\t\t\t\t\t\t\t\t<a href=\"http:\/\/www.grupoaltacomunicacion.com\/\" target=\"_blank\">\n\t\t\t\t\t\t\t<img decoding=\"async\" src=\"https:\/\/solsonacomunicacion.com\/wp-content\/uploads\/elementor\/thumbs\/Logo-ALTAComunicacion-oyzpis9va74f2o7lodmrhdazfajwurgjw5lxvojaio.png\" title=\"Logo-ALTAComunicacion\" alt=\"Logo-ALTAComunicacion\" loading=\"lazy\" \/>\t\t\t\t\t\t\t\t<\/a>\n\t\t\t\t\t\t\t\t\t\t\t\t\t\t\t<\/div>\n\t\t\t\t<\/div>\n\t\t\t\t<div class=\"elementor-element elementor-element-4f4b99ab elementor-widget__width-auto elementor-fixed elementor-hidden-phone elementor-align-center elementor-widget elementor-widget-button\" data-id=\"4f4b99ab\" data-element_type=\"widget\" data-e-type=\"widget\" data-settings=\"{&quot;_position&quot;:&quot;fixed&quot;}\" data-widget_type=\"button.default\">\n\t\t\t\t<div class=\"elementor-widget-container\">\n\t\t\t\t\t\t\t\t\t<div class=\"elementor-button-wrapper\">\n\t\t\t\t\t<a class=\"elementor-button elementor-button-link elementor-size-md\" href=\"mailto:info@solsonacomunicacion.com\">\n\t\t\t\t\t\t<span class=\"elementor-button-content-wrapper\">\n\t\t\t\t\t\t<span class=\"elementor-button-icon\">\n\t\t\t\t<svg xmlns=\"http:\/\/www.w3.org\/2000\/svg\" id=\"Capa_1\" data-name=\"Capa 1\" viewBox=\"0 0 59.94 57.57\"><defs><style>.cls-1{fill:#959595;}<\/style><\/defs><path class=\"cls-1\" d=\"M33.8,33.54a5.34,5.34,0,0,1-7.54,0L24.69,32l-9.22,9.15H44.59L35.37,32Z\" transform=\"translate(-0.06 -1.68)\"><\/path><polygon class=\"cls-1\" points=\"13.89 19.62 13.89 37.96 23.11 28.79 13.89 19.62\"><\/polygon><path class=\"cls-1\" d=\"M30,33A3.17,3.17,0,0,0,32.29,32c.39-.39,11.65-11.58,12.3-12.24H15.47L27.77,32A3.18,3.18,0,0,0,30,33Z\" transform=\"translate(-0.06 -1.68)\"><\/path><polygon class=\"cls-1\" points=\"46.05 37.96 46.05 19.62 36.82 28.79 46.05 37.96\"><\/polygon><path class=\"cls-1\" d=\"M59.4,34.93,49.12,7.71a9.31,9.31,0,0,0-12-5.43L6.09,14A9.33,9.33,0,0,0,.66,26L10.94,53.22a9.31,9.31,0,0,0,12,5.43L54,46.94A9.33,9.33,0,0,0,59.4,34.93ZM48.24,40.07a3.21,3.21,0,0,1-3.2,3.2H15a3.2,3.2,0,0,1-3.2-3.2V20.86a3.2,3.2,0,0,1,3.2-3.2H45a3.21,3.21,0,0,1,3.2,3.2Z\" transform=\"translate(-0.06 -1.68)\"><\/path><\/svg>\t\t\t<\/span>\n\t\t\t\t\t\t\t\t<\/span>\n\t\t\t\t\t<\/a>\n\t\t\t\t<\/div>\n\t\t\t\t\t\t\t\t<\/div>\n\t\t\t\t<\/div>\n\t\t\t\t<div class=\"elementor-element elementor-element-16ad8b8e e-grid-align-right elementor-widget__width-auto elementor-shape-rounded elementor-grid-0 elementor-widget elementor-widget-social-icons\" data-id=\"16ad8b8e\" data-element_type=\"widget\" data-e-type=\"widget\" data-widget_type=\"social-icons.default\">\n\t\t\t\t<div class=\"elementor-widget-container\">\n\t\t\t\t\t\t\t<div class=\"elementor-social-icons-wrapper elementor-grid\" role=\"list\">\n\t\t\t\t\t\t\t<span class=\"elementor-grid-item\" role=\"listitem\">\n\t\t\t\t\t<a class=\"elementor-icon elementor-social-icon elementor-social-icon-linkedin-in elementor-repeater-item-205934d\" href=\"https:\/\/www.linkedin.com\/company\/solsona-comunicaci%C3%B3n\/\" target=\"_blank\">\n\t\t\t\t\t\t<span class=\"elementor-screen-only\">Linkedin-in<\/span>\n\t\t\t\t\t\t<i aria-hidden=\"true\" class=\"fab fa-linkedin-in\"><\/i>\t\t\t\t\t<\/a>\n\t\t\t\t<\/span>\n\t\t\t\t\t\t\t<span class=\"elementor-grid-item\" role=\"listitem\">\n\t\t\t\t\t<a class=\"elementor-icon elementor-social-icon elementor-social-icon-facebook elementor-repeater-item-7098de7\" href=\"https:\/\/www.facebook.com\/solsona.comunicacion\" target=\"_blank\">\n\t\t\t\t\t\t<span class=\"elementor-screen-only\">Facebook<\/span>\n\t\t\t\t\t\t<i aria-hidden=\"true\" class=\"fab fa-facebook\"><\/i>\t\t\t\t\t<\/a>\n\t\t\t\t<\/span>\n\t\t\t\t\t\t\t<span class=\"elementor-grid-item\" role=\"listitem\">\n\t\t\t\t\t<a class=\"elementor-icon elementor-social-icon elementor-social-icon-twitter elementor-repeater-item-3800d3f\" href=\"https:\/\/twitter.com\/solsonacom\" target=\"_blank\">\n\t\t\t\t\t\t<span class=\"elementor-screen-only\">Twitter<\/span>\n\t\t\t\t\t\t<i aria-hidden=\"true\" class=\"fab fa-twitter\"><\/i>\t\t\t\t\t<\/a>\n\t\t\t\t<\/span>\n\t\t\t\t\t\t\t<span class=\"elementor-grid-item\" role=\"listitem\">\n\t\t\t\t\t<a class=\"elementor-icon elementor-social-icon elementor-social-icon-instagram elementor-repeater-item-3e31143\" href=\"https:\/\/www.instagram.com\/solsonacom\/\" target=\"_blank\">\n\t\t\t\t\t\t<span class=\"elementor-screen-only\">Instagram<\/span>\n\t\t\t\t\t\t<i aria-hidden=\"true\" class=\"fab fa-instagram\"><\/i>\t\t\t\t\t<\/a>\n\t\t\t\t<\/span>\n\t\t\t\t\t<\/div>\n\t\t\t\t\t\t<\/div>\n\t\t\t\t<\/div>\n\t\t\t\t\t<\/div>\n\t\t<\/div>\n\t\t\t\t<div class=\"elementor-column elementor-col-50 elementor-top-column elementor-element elementor-element-1e40cf27\" data-id=\"1e40cf27\" data-element_type=\"column\" data-e-type=\"column\" data-settings=\"{&quot;background_background&quot;:&quot;classic&quot;}\">\n\t\t\t<div class=\"elementor-widget-wrap elementor-element-populated\">\n\t\t\t\t\t\t<div class=\"elementor-element elementor-element-3a9bb6e0 elementor-icon-list--layout-inline elementor-align-center elementor-list-item-link-full_width elementor-widget elementor-widget-icon-list\" data-id=\"3a9bb6e0\" data-element_type=\"widget\" data-e-type=\"widget\" data-widget_type=\"icon-list.default\">\n\t\t\t\t<div class=\"elementor-widget-container\">\n\t\t\t\t\t\t\t<ul class=\"elementor-icon-list-items elementor-inline-items\">\n\t\t\t\t\t\t\t<li class=\"elementor-icon-list-item elementor-inline-item\">\n\t\t\t\t\t\t\t\t\t\t\t<a href=\"https:\/\/solsonacomunicacion.com\/politica-de-privacidad\/\">\n\n\t\t\t\t\t\t\t\t\t\t\t<span class=\"elementor-icon-list-text\">Pol\u00edtica de Privacitat<\/span>\n\t\t\t\t\t\t\t\t\t\t\t<\/a>\n\t\t\t\t\t\t\t\t\t<\/li>\n\t\t\t\t\t\t\t\t<li class=\"elementor-icon-list-item elementor-inline-item\">\n\t\t\t\t\t\t\t\t\t\t\t<a href=\"https:\/\/solsonacomunicacion.com\/aviso-legal\/\">\n\n\t\t\t\t\t\t\t\t\t\t\t<span class=\"elementor-icon-list-text\">Av\u00eds Legal<\/span>\n\t\t\t\t\t\t\t\t\t\t\t<\/a>\n\t\t\t\t\t\t\t\t\t<\/li>\n\t\t\t\t\t\t\t\t<li class=\"elementor-icon-list-item elementor-inline-item\">\n\t\t\t\t\t\t\t\t\t\t\t<a href=\"https:\/\/solsonacomunicacion.com\/politica-de-cookies\/\">\n\n\t\t\t\t\t\t\t\t\t\t\t<span class=\"elementor-icon-list-text\">Pol\u00edtica de Cookies<\/span>\n\t\t\t\t\t\t\t\t\t\t\t<\/a>\n\t\t\t\t\t\t\t\t\t<\/li>\n\t\t\t\t\t\t<\/ul>\n\t\t\t\t\t\t<\/div>\n\t\t\t\t<\/div>\n\t\t\t\t\t<\/div>\n\t\t<\/div>\n\t\t\t\t\t<\/div>\n\t\t<\/section>\n\t\t\t\t<\/div>\n\t\t","protected":false},"excerpt":{"rendered":"<p>PROJECTES Comunicaci\u00f3DigitalEventosProtocolo Real Club de Polo CSIO Barcelona Ver m\u00e1s Mitsubishi Electric Lanzamiento MSZ-LN Kirigamine Style Ver M\u00e1s Cash &amp; Rocket 2\u00aa edici\u00f3n del tour solidario Ver M\u00e1s Bicentury Gabinete de Comunicaci\u00f3n Ver M\u00e1s BARCELONA OPEN BANC SABADELL &#8211; TROFEO CONDE DE GOD\u00d3 Diario del Torneo Ver M\u00e1s LIDL Proyectos de comunicaci\u00f3n Ver M\u00e1s M\u00f6wee [&hellip;]<\/p>\n","protected":false},"author":1,"featured_media":0,"parent":0,"menu_order":4,"comment_status":"closed","ping_status":"closed","template":"","meta":{"_acf_changed":false,"advgb_blocks_editor_width":"","advgb_blocks_columns_visual_guide":"","footnotes":""},"class_list":["post-8413","page","type-page","status-publish","hentry"],"acf":[],"yoast_head":"<!-- This site is optimized with the Yoast SEO plugin v27.4 - https:\/\/yoast.com\/product\/yoast-seo-wordpress\/ -->\n<title>Projectes - Solsona Comunicaci\u00f3n<\/title>\n<meta name=\"robots\" content=\"index, follow, max-snippet:-1, max-image-preview:large, max-video-preview:-1\" \/>\n<link rel=\"canonical\" href=\"https:\/\/solsonacomunicacion.com\/ca\/projectes\/\" \/>\n<meta property=\"og:locale\" content=\"ca_ES\" \/>\n<meta property=\"og:type\" content=\"article\" \/>\n<meta property=\"og:title\" content=\"Projectes - Solsona Comunicaci\u00f3n\" \/>\n<meta property=\"og:description\" content=\"PROJECTES Comunicaci\u00f3DigitalEventosProtocolo Real Club de Polo CSIO Barcelona Ver m\u00e1s Mitsubishi Electric Lanzamiento MSZ-LN Kirigamine Style Ver M\u00e1s Cash &amp; Rocket 2\u00aa edici\u00f3n del tour solidario Ver M\u00e1s Bicentury Gabinete de Comunicaci\u00f3n Ver M\u00e1s BARCELONA OPEN BANC SABADELL &#8211; TROFEO CONDE DE GOD\u00d3 Diario del Torneo Ver M\u00e1s LIDL Proyectos de comunicaci\u00f3n Ver M\u00e1s M\u00f6wee [&hellip;]\" \/>\n<meta property=\"og:url\" content=\"https:\/\/solsonacomunicacion.com\/ca\/projectes\/\" \/>\n<meta property=\"og:site_name\" content=\"Solsona Comunicaci\u00f3n\" \/>\n<meta property=\"article:modified_time\" content=\"2023-10-10T08:54:14+00:00\" \/>\n<meta property=\"og:image\" content=\"https:\/\/solsonacomunicacion.com\/wp-content\/uploads\/2021\/09\/csio18-100-.jpg\" \/>\n<meta name=\"twitter:card\" content=\"summary_large_image\" \/>\n<meta name=\"twitter:label1\" content=\"Temps estimat de lectura\" \/>\n\t<meta name=\"twitter:data1\" content=\"19 minuts\" \/>\n<script type=\"application\/ld+json\" class=\"yoast-schema-graph\">{\"@context\":\"https:\\\/\\\/schema.org\",\"@graph\":[{\"@type\":\"WebPage\",\"@id\":\"https:\\\/\\\/solsonacomunicacion.com\\\/ca\\\/projectes\\\/\",\"url\":\"https:\\\/\\\/solsonacomunicacion.com\\\/ca\\\/projectes\\\/\",\"name\":\"Projectes - Solsona Comunicaci\u00f3n\",\"isPartOf\":{\"@id\":\"https:\\\/\\\/solsonacomunicacion.com\\\/ca\\\/#website\"},\"primaryImageOfPage\":{\"@id\":\"https:\\\/\\\/solsonacomunicacion.com\\\/ca\\\/projectes\\\/#primaryimage\"},\"image\":{\"@id\":\"https:\\\/\\\/solsonacomunicacion.com\\\/ca\\\/projectes\\\/#primaryimage\"},\"thumbnailUrl\":\"https:\\\/\\\/solsonacomunicacion.com\\\/wp-content\\\/uploads\\\/2021\\\/09\\\/csio18-100-.jpg\",\"datePublished\":\"2020-11-17T20:17:41+00:00\",\"dateModified\":\"2023-10-10T08:54:14+00:00\",\"breadcrumb\":{\"@id\":\"https:\\\/\\\/solsonacomunicacion.com\\\/ca\\\/projectes\\\/#breadcrumb\"},\"inLanguage\":\"ca\",\"potentialAction\":[{\"@type\":\"ReadAction\",\"target\":[\"https:\\\/\\\/solsonacomunicacion.com\\\/ca\\\/projectes\\\/\"]}]},{\"@type\":\"ImageObject\",\"inLanguage\":\"ca\",\"@id\":\"https:\\\/\\\/solsonacomunicacion.com\\\/ca\\\/projectes\\\/#primaryimage\",\"url\":\"https:\\\/\\\/solsonacomunicacion.com\\\/wp-content\\\/uploads\\\/2021\\\/09\\\/csio18-100-.jpg\",\"contentUrl\":\"https:\\\/\\\/solsonacomunicacion.com\\\/wp-content\\\/uploads\\\/2021\\\/09\\\/csio18-100-.jpg\"},{\"@type\":\"BreadcrumbList\",\"@id\":\"https:\\\/\\\/solsonacomunicacion.com\\\/ca\\\/projectes\\\/#breadcrumb\",\"itemListElement\":[{\"@type\":\"ListItem\",\"position\":1,\"name\":\"Home\",\"item\":\"https:\\\/\\\/solsonacomunicacion.com\\\/ca\\\/\"},{\"@type\":\"ListItem\",\"position\":2,\"name\":\"Projectes\"}]},{\"@type\":\"WebSite\",\"@id\":\"https:\\\/\\\/solsonacomunicacion.com\\\/ca\\\/#website\",\"url\":\"https:\\\/\\\/solsonacomunicacion.com\\\/ca\\\/\",\"name\":\"Solsona Comunicaci\u00f3n\",\"description\":\"Agencia global de comunicaci\u00f3n y relaciones p\u00fablicas que colabora en la construcci\u00f3n e implantaci\u00f3n de s\u00f3lidas estrategias, con el objetivo de aportar valor a las distintas empresas y organizaciones con las que colabora.\",\"publisher\":{\"@id\":\"https:\\\/\\\/solsonacomunicacion.com\\\/ca\\\/#organization\"},\"potentialAction\":[{\"@type\":\"SearchAction\",\"target\":{\"@type\":\"EntryPoint\",\"urlTemplate\":\"https:\\\/\\\/solsonacomunicacion.com\\\/ca\\\/?s={search_term_string}\"},\"query-input\":{\"@type\":\"PropertyValueSpecification\",\"valueRequired\":true,\"valueName\":\"search_term_string\"}}],\"inLanguage\":\"ca\"},{\"@type\":\"Organization\",\"@id\":\"https:\\\/\\\/solsonacomunicacion.com\\\/ca\\\/#organization\",\"name\":\"Solsona Comunicaci\u00f3n\",\"url\":\"https:\\\/\\\/solsonacomunicacion.com\\\/ca\\\/\",\"logo\":{\"@type\":\"ImageObject\",\"inLanguage\":\"ca\",\"@id\":\"https:\\\/\\\/solsonacomunicacion.com\\\/ca\\\/#\\\/schema\\\/logo\\\/image\\\/\",\"url\":\"https:\\\/\\\/solsonacomunicacion.com\\\/wp-content\\\/uploads\\\/2020\\\/10\\\/Logo-blanco-web-1.png\",\"contentUrl\":\"https:\\\/\\\/solsonacomunicacion.com\\\/wp-content\\\/uploads\\\/2020\\\/10\\\/Logo-blanco-web-1.png\",\"width\":1642,\"height\":455,\"caption\":\"Solsona Comunicaci\u00f3n\"},\"image\":{\"@id\":\"https:\\\/\\\/solsonacomunicacion.com\\\/ca\\\/#\\\/schema\\\/logo\\\/image\\\/\"}}]}<\/script>\n<!-- \/ Yoast SEO plugin. -->","yoast_head_json":{"title":"Projectes - Solsona Comunicaci\u00f3n","robots":{"index":"index","follow":"follow","max-snippet":"max-snippet:-1","max-image-preview":"max-image-preview:large","max-video-preview":"max-video-preview:-1"},"canonical":"https:\/\/solsonacomunicacion.com\/ca\/projectes\/","og_locale":"ca_ES","og_type":"article","og_title":"Projectes - Solsona Comunicaci\u00f3n","og_description":"PROJECTES Comunicaci\u00f3DigitalEventosProtocolo Real Club de Polo CSIO Barcelona Ver m\u00e1s Mitsubishi Electric Lanzamiento MSZ-LN Kirigamine Style Ver M\u00e1s Cash &amp; Rocket 2\u00aa edici\u00f3n del tour solidario Ver M\u00e1s Bicentury Gabinete de Comunicaci\u00f3n Ver M\u00e1s BARCELONA OPEN BANC SABADELL &#8211; TROFEO CONDE DE GOD\u00d3 Diario del Torneo Ver M\u00e1s LIDL Proyectos de comunicaci\u00f3n Ver M\u00e1s M\u00f6wee [&hellip;]","og_url":"https:\/\/solsonacomunicacion.com\/ca\/projectes\/","og_site_name":"Solsona Comunicaci\u00f3n","article_modified_time":"2023-10-10T08:54:14+00:00","og_image":[{"url":"https:\/\/solsonacomunicacion.com\/wp-content\/uploads\/2021\/09\/csio18-100-.jpg","type":"","width":"","height":""}],"twitter_card":"summary_large_image","twitter_misc":{"Temps estimat de lectura":"19 minuts"},"schema":{"@context":"https:\/\/schema.org","@graph":[{"@type":"WebPage","@id":"https:\/\/solsonacomunicacion.com\/ca\/projectes\/","url":"https:\/\/solsonacomunicacion.com\/ca\/projectes\/","name":"Projectes - Solsona Comunicaci\u00f3n","isPartOf":{"@id":"https:\/\/solsonacomunicacion.com\/ca\/#website"},"primaryImageOfPage":{"@id":"https:\/\/solsonacomunicacion.com\/ca\/projectes\/#primaryimage"},"image":{"@id":"https:\/\/solsonacomunicacion.com\/ca\/projectes\/#primaryimage"},"thumbnailUrl":"https:\/\/solsonacomunicacion.com\/wp-content\/uploads\/2021\/09\/csio18-100-.jpg","datePublished":"2020-11-17T20:17:41+00:00","dateModified":"2023-10-10T08:54:14+00:00","breadcrumb":{"@id":"https:\/\/solsonacomunicacion.com\/ca\/projectes\/#breadcrumb"},"inLanguage":"ca","potentialAction":[{"@type":"ReadAction","target":["https:\/\/solsonacomunicacion.com\/ca\/projectes\/"]}]},{"@type":"ImageObject","inLanguage":"ca","@id":"https:\/\/solsonacomunicacion.com\/ca\/projectes\/#primaryimage","url":"https:\/\/solsonacomunicacion.com\/wp-content\/uploads\/2021\/09\/csio18-100-.jpg","contentUrl":"https:\/\/solsonacomunicacion.com\/wp-content\/uploads\/2021\/09\/csio18-100-.jpg"},{"@type":"BreadcrumbList","@id":"https:\/\/solsonacomunicacion.com\/ca\/projectes\/#breadcrumb","itemListElement":[{"@type":"ListItem","position":1,"name":"Home","item":"https:\/\/solsonacomunicacion.com\/ca\/"},{"@type":"ListItem","position":2,"name":"Projectes"}]},{"@type":"WebSite","@id":"https:\/\/solsonacomunicacion.com\/ca\/#website","url":"https:\/\/solsonacomunicacion.com\/ca\/","name":"Solsona Comunicaci\u00f3n","description":"Agencia global de comunicaci\u00f3n y relaciones p\u00fablicas que colabora en la construcci\u00f3n e implantaci\u00f3n de s\u00f3lidas estrategias, con el objetivo de aportar valor a las distintas empresas y organizaciones con las que colabora.","publisher":{"@id":"https:\/\/solsonacomunicacion.com\/ca\/#organization"},"potentialAction":[{"@type":"SearchAction","target":{"@type":"EntryPoint","urlTemplate":"https:\/\/solsonacomunicacion.com\/ca\/?s={search_term_string}"},"query-input":{"@type":"PropertyValueSpecification","valueRequired":true,"valueName":"search_term_string"}}],"inLanguage":"ca"},{"@type":"Organization","@id":"https:\/\/solsonacomunicacion.com\/ca\/#organization","name":"Solsona Comunicaci\u00f3n","url":"https:\/\/solsonacomunicacion.com\/ca\/","logo":{"@type":"ImageObject","inLanguage":"ca","@id":"https:\/\/solsonacomunicacion.com\/ca\/#\/schema\/logo\/image\/","url":"https:\/\/solsonacomunicacion.com\/wp-content\/uploads\/2020\/10\/Logo-blanco-web-1.png","contentUrl":"https:\/\/solsonacomunicacion.com\/wp-content\/uploads\/2020\/10\/Logo-blanco-web-1.png","width":1642,"height":455,"caption":"Solsona Comunicaci\u00f3n"},"image":{"@id":"https:\/\/solsonacomunicacion.com\/ca\/#\/schema\/logo\/image\/"}}]}},"coauthors":[],"author_meta":{"author_link":"https:\/\/solsonacomunicacion.com\/ca\/author\/websalia\/","display_name":"websalia"},"relative_dates":{"created":"Posted 5 anys ago","modified":"Updated 3 anys ago"},"absolute_dates":{"created":"Posted on 17 de novembre de 2020","modified":"Updated on 10 d'octubre de 2023"},"absolute_dates_time":{"created":"Posted on 17 de novembre de 2020 21:17","modified":"Updated on 10 d'octubre de 2023 10:54"},"featured_img_caption":"","featured_img":false,"series_order":"","_links":{"self":[{"href":"https:\/\/solsonacomunicacion.com\/ca\/wp-json\/wp\/v2\/pages\/8413","targetHints":{"allow":["GET"]}}],"collection":[{"href":"https:\/\/solsonacomunicacion.com\/ca\/wp-json\/wp\/v2\/pages"}],"about":[{"href":"https:\/\/solsonacomunicacion.com\/ca\/wp-json\/wp\/v2\/types\/page"}],"author":[{"embeddable":true,"href":"https:\/\/solsonacomunicacion.com\/ca\/wp-json\/wp\/v2\/users\/1"}],"replies":[{"embeddable":true,"href":"https:\/\/solsonacomunicacion.com\/ca\/wp-json\/wp\/v2\/comments?post=8413"}],"version-history":[{"count":7,"href":"https:\/\/solsonacomunicacion.com\/ca\/wp-json\/wp\/v2\/pages\/8413\/revisions"}],"predecessor-version":[{"id":9295,"href":"https:\/\/solsonacomunicacion.com\/ca\/wp-json\/wp\/v2\/pages\/8413\/revisions\/9295"}],"wp:attachment":[{"href":"https:\/\/solsonacomunicacion.com\/ca\/wp-json\/wp\/v2\/media?parent=8413"}],"curies":[{"name":"wp","href":"https:\/\/api.w.org\/{rel}","templated":true}]}}