{"id":8265,"date":"2020-10-07T11:24:06","date_gmt":"2020-10-07T11:24:06","guid":{"rendered":"https:\/\/solsonacomunicacion.com\/politica-de-cookies\/"},"modified":"2022-02-10T17:26:44","modified_gmt":"2022-02-10T17:26:44","slug":"politica-de-cookies","status":"publish","type":"page","link":"https:\/\/solsonacomunicacion.com\/ca\/politica-de-cookies\/","title":{"rendered":"Pol\u00edtica de Cookies"},"content":{"rendered":"\t\t<div data-elementor-type=\"wp-page\" data-elementor-id=\"8265\" class=\"elementor elementor-8265 elementor-173\" data-elementor-post-type=\"page\">\n\t\t\t\t\t\t<section class=\"elementor-section elementor-top-section elementor-element elementor-element-788f5b4 elementor-section-boxed elementor-section-height-default elementor-section-height-default\" data-id=\"788f5b4\" data-element_type=\"section\" data-e-type=\"section\">\n\t\t\t\t\t\t<div class=\"elementor-container elementor-column-gap-default\">\n\t\t\t\t\t<div class=\"elementor-column elementor-col-100 elementor-top-column elementor-element elementor-element-51320b1\" data-id=\"51320b1\" data-element_type=\"column\" data-e-type=\"column\">\n\t\t\t<div class=\"elementor-widget-wrap elementor-element-populated\">\n\t\t\t\t\t\t<div class=\"elementor-element elementor-element-4698eed elementor-widget elementor-widget-heading\" data-id=\"4698eed\" data-element_type=\"widget\" data-e-type=\"widget\" data-widget_type=\"heading.default\">\n\t\t\t\t<div class=\"elementor-widget-container\">\n\t\t\t\t\t<h4 class=\"elementor-heading-title elementor-size-default\">Pol\u00edtica de Cookies<\/h4>\t\t\t\t<\/div>\n\t\t\t\t<\/div>\n\t\t\t\t<div class=\"elementor-element elementor-element-d095f38 elementor-widget elementor-widget-text-editor\" data-id=\"d095f38\" data-element_type=\"widget\" data-e-type=\"widget\" data-widget_type=\"text-editor.default\">\n\t\t\t\t<div class=\"elementor-widget-container\">\n\t\t\t\t\t\t\t\t\tPersonalitzar les cookies durant la navegaci\u00f3\r\n\r\n\u00c9s possible personalitzar l&#8217;\u00fas de les cookies que utilitzem durant la teva navegaci\u00f3. Podr\u00e0s fer-ho aqu\u00ed.\r\n\r\nQu\u00e8 s\u00f3n les cookies?\r\n\r\nEs tracta d&#8217;uns fitxers, que una vegada instal\u00b7lats en el teu navegador fan possible recopilar informaci\u00f3 relativa a les p\u00e0gines que es visiten, el temps de connexi\u00f3 i tenen per finalitat analitzar el funcionament del sistema, localitzar les incid\u00e8ncies i problemes que puguin sorgir i solucionar-los en el menor termini possible, seguir-te oferint els serveis que sol\u00b7licites, con\u00e8ixer millor les teves prefer\u00e8ncies i poder oferir-te altres serveis.\r\n\r\nTipus de cookies\r\n\r\nSegons l&#8217;entitat que les genera:\r\nCookies pr\u00f2pies: s\u00f3n aquelles que s&#8217;envien a l&#8217;equip terminal de l&#8217;usuari des d&#8217;un equip o domini gestionat pel propi editor i des del qual es presta el servei sol\u00b7licitat per l&#8217;usuari.\r\n\r\nCookies de tercer: s\u00f3n aquelles que s&#8217;envien a l&#8217;equip terminal de l&#8217;usuari des d&#8217;un equip o domini que no \u00e9s gestionat per l&#8217;editor, sin\u00f3 per una altra entitat que tracta les dades obtingudes a trav\u00e9s de les cookies.\r\n\r\nSegons el termini que es mantenen actives:\r\nCookies de sessi\u00f3: s\u00f3n un tipus de cookies dissenyades per a recaptar i emmagatzemar dades mentre l&#8217;usuari accedeix a les nostres p\u00e0gines. Aquestes cookies s\u00f3n temporals i s&#8217;esborren de l&#8217;equip en finalitzar la navegaci\u00f3 per la p\u00e0gina web.\r\n\r\nCookies persistents: s\u00f3n un tipus de cookies en les quals les dades segueixen emmagatzemats en el terminal i poden ser accedits i tractats durant un per\u00edode definit pel responsable de la *cookie, i que pot anar d&#8217;uns minuts a diversos anys.\r\n\r\nSegons la finalitat per a la qual s&#8217;utilitzen:\r\nCookies t\u00e8cniques\r\n\r\nS\u00f3n aquelles que permeten a l&#8217;usuari la navegaci\u00f3 a trav\u00e9s d&#8217;una p\u00e0gina web, plataforma o aplicaci\u00f3 i la utilitzaci\u00f3 de les diferents opcions o serveis que en ella existeixin, incloent aquelles que l&#8217;editor utilitza per a permetre la gesti\u00f3 i operativa de la p\u00e0gina web i habilitar les seves funcions i serveis, com, per exemple, controlar el tr\u00e0nsit i la comunicaci\u00f3 de dades, identificar la sessi\u00f3, accedir a parts d&#8217;acc\u00e9s restringit, recordar els elements que integren una comanda, realitzar el proc\u00e9s de compra d&#8217;una comanda, gestionar el pagament, controlar el frau vinculat a la seguretat del servei, realitzar la sol\u00b7licitud d&#8217;inscripci\u00f3 o participaci\u00f3 en un esdeveniment, comptar visites a l&#8217;efecte de la facturaci\u00f3 de llic\u00e8ncies del programari amb el qual funciona el servei (lloc web, plataforma o aplicaci\u00f3), utilitzar elements de seguretat durant la navegaci\u00f3, emmagatzemar continguts per a la difusi\u00f3 de v\u00eddeos o so, habilitar continguts din\u00e0mics (per exemple, animaci\u00f3 de c\u00e0rrega d&#8217;un text o imatge) o compartir continguts a trav\u00e9s de xarxes socials. Tamb\u00e9 pertanyen a aquesta categoria, per la seva naturalesa t\u00e8cnica, aquelles cookies que permeten la gesti\u00f3, de la forma m\u00e9s efica\u00e7 possible, dels espais publicitaris que, com un element m\u00e9s de disseny o \u201cmaquetaci\u00f3\u201d del servei ofert a l&#8217;usuari, l&#8217;editor hagi incl\u00f2s en una p\u00e0gina web, aplicaci\u00f3 o plataforma sobre la base de criteris com el contingut editat, sense que es recopili informaci\u00f3 dels usuaris amb finalitats diferents, com pot ser personalitzar aquest contingut publicitari o altres continguts.\r\n\r\nCookies d&#8217;An\u00e0lisis\r\n\r\nAquestes cookies ens ajuden a entendre com interactua cada usuari amb el nostre lloc web (per exemple, quines p\u00e0gines generen m\u00e9s inter\u00e8s, quantes persones han visitat el lloc, quin \u00e9s el temps mitj\u00e0 d&#8217;una visita al lloc, etc.). Aquesta informaci\u00f3 \u00e9s an\u00f2nima i nom\u00e9s ens proporciona dades estad\u00edstiques amb la finalitat de con\u00e8ixer qu\u00e8 interessa m\u00e9s al nostre p\u00fablic i com podem millorar l&#8217;oferta de productes i serveis, el funcionament del lloc web o l&#8217;experi\u00e8ncia d&#8217;usuari. Encara que no s\u00f3n necess\u00e0ries per a navegar per ens agradaria que ens ajudessis a millorar acceptant aquestes cookies que, en cap cas, conservaran cap informaci\u00f3 de car\u00e0cter personal sobre tu.\r\n\r\nCookies de Publicitat i Perfilat\r\n\r\nAquestes cookies s&#8217;utilitzen per a crear perfils d&#8217;usuari basats en les seves prefer\u00e8ncies personals, interessos, aix\u00ed com el seu comportament durant la navegaci\u00f3, per a mostrar publicitat en funci\u00f3 d&#8217;aquest. En tractar-se de cookies no necess\u00e0ries per al correcte funcionament de la p\u00e0gina web, SOLSONA COMUNICACI\u00d3N SL habilita a l&#8217;usuari la possibilitat d&#8217;activar-los o desactivar-los.\r\n\r\nPR\u00d2PIES:\r\n\r\nNom de cookie Finalitat Durada\r\nPHPSESSID Aquesta cookie \u00e9s usat pel llenguatge d&#8217;encriptat PHP per a permetre que les variables de SESSI\u00d3 siguin guardades en el servidor web. Sessi\u00f3\r\nmoove_gdpr_popup Cookies d&#8217;\u00fas intern necess\u00e0ria per al funcionament de la visualitzaci\u00f3 de la pol\u00edtica de cookies de la web. Sessi\u00f3\r\ntk_ai Aquesta cookie emmagatzema un ANEU an\u00f2nim generada de manera aleat\u00f2ria. Aix\u00f2 nom\u00e9s s&#8217;utilitza en l&#8217;escriptori de WordPress (\/ wp-admin) i s&#8217;utilitza per al seguiment de l&#8217;\u00fas, si est\u00e0 habilitat. Sessi\u00f3\r\nwordpress_logged_in_ Cookie de WordPress per a un usuari que ha fet inici de sessi\u00f3. Sessi\u00f3\r\nwordpress_sec_ Aquestes cookies ens ajuden a mantenir-te connectat al nostre lloc. Sessi\u00f3\r\nwordpress_test_cookie Aquesta cookie s&#8217;usa perqu\u00e8 el gestor de continguts WordPress comprovi si el navegador t\u00e9 les cookies activades. Sessi\u00f3\r\nwp-settings-estafi- Aquesta cookie s&#8217;utilitza per a personalitzar la interf\u00edcie d&#8217;usuari. 1 any\r\nwp-settings- Aquesta cookie s&#8217;utilitza per a personalitzar la interf\u00edcie d&#8217;usuari. 1 any\r\nwp-wpml_current_language Aquesta cookie emmagatzema l&#8217;idioma de l&#8217;usuari per a poder servir-li el contingut de la web en l&#8217;idioma adequat. Sessi\u00f3\r\nwp-wpml_current_admin_language_ Aquesta cookie emmagatzema l&#8217;idioma predeterminat per a l&#8217;usuari administrador del lloc. Sessi\u00f3\r\nTERCERS:\r\n\r\nNom de cookie Finalitat Durada\r\nmp__mixpanel Mixpanel Analytics estableix aquesta cookie i ens ajuda a comprendre com les persones usen el lloc perqu\u00e8 puguem millorar l&#8217;experi\u00e8ncia. Sessi\u00f3\r\n_ga \u00c9s una cookie de google analytics que utilitza un identificador an\u00f2nim per a distingir usuaris an\u00f2nims. Aquesta cookie realitza an\u00e0lisi sobre les interaccions dels usuaris, amb la finalitat d&#8217;optimitzar els serveis que ofereixen. T\u00e9 una durada de dos anys. 2 Anys\r\n_gat\r\n\u00c9s una cookie de google analytics que s&#8217;utilitza per a diferenciar entre els diferents objectes de seguiment creats en la sessi\u00f3. La cookie caduca als deu minuts i s&#8217;actualitza cada vegada que envia les dades a Google Analytics. S&#8217;elimina en tancar el navegador.\r\n\r\nSi s&#8217;ha implementat Google Analytics mitjan\u00e7ant Google Tag Manager, aquesta cookie es dir\u00e0 _dc_gtm_.\r\n\r\n1 minut\r\n_gid \u00c9s una cookie de google analytics que s&#8217;utilitza per a distingir als usuaris.T\u00e9 una durada de 24 hores. 24 hores\r\n_gcl_au Utilitzat per Google AdSense per a experimentar amb l&#8217;efici\u00e8ncia publicit\u00e0ria en els llocs web que utilitzen els seus serveis. \u00c9s la cookie d&#8217;origen per a la funcionalitat de \u201cConversion Linker\u201d: pren informaci\u00f3 en clics d&#8217;anuncis i l&#8217;emmagatzema en una cookie d&#8217;origen perqu\u00e8 les conversions puguin atribuir-se fos La p\u00e0gina d&#8217;aterratge. 3 mesos\r\nNID Cookie de Google Analytics. Permeten personalitzar com es veuen anuncis fora de Google o emmagatzemar informaci\u00f3 com l&#8217;idioma preferit a l&#8217;hora de mostrar resultats de cerca. 6 mesos\r\n_gat_gtag_UA_ Aquesta cookie de Google Analytics \u00e9s d&#8217;an\u00e0lisi i serveix per a mesurar com els usuaris interactuen amb la nostra p\u00e0gina web. Sessi\u00f3\r\nConfigurar, deshabilitar i bloquejar cookies en el teu navegador\r\nSOLSONA COMUNICACI\u00d3N SL no es fa responsable del contingut i veracitat de les pol\u00edtiques de privacitat dels tercers incloses en aquesta pol\u00edtica de cookies.\r\n\r\nEn cas que desitgis amb posterioritat eliminar les cookies que s&#8217;hagin emmagatzemat en el teu ordinador i que necess\u00e0riament precisin del teu consentiment, podr\u00e0s fer-ho usant les eines que et proporcioni el teu navegador a aquests efectes. En aquest sentit, depenent del teu navegador, en els seg\u00fcents enlla\u00e7os es detalla el procediment per a desactivar les cookies:\r\n\r\nGoogle Chrome: https:\/\/support.google.com\/chrome\/answer\/95647?hl=\u00e9s-\u00c9S\r\nMozilla Firefox (per a PC i Mac): https:\/\/support.mozilla.org\/es\/kb\/cookies-informacion-que-los-sitios-web-guardan-en-\r\nIE 6+: http:\/\/windows.microsoft.com\/es-es\/internet-explorer\/delete-manage-cookies#ie=ie-10-win-7\r\nApple Safari \u2013 IOS: https:\/\/support.apple.com\/es-es\/ht1677\r\nANDROID: https:\/\/support.google.com\/chrome\/answer\/2392971?hl=es\t\t\t\t\t\t\t\t<\/div>\n\t\t\t\t<\/div>\n\t\t\t\t\t<\/div>\n\t\t<\/div>\n\t\t\t\t\t<\/div>\n\t\t<\/section>\n\t\t\t\t<\/div>\n\t\t","protected":false},"excerpt":{"rendered":"<p>Pol\u00edtica de Cookies Personalitzar les cookies durant la navegaci\u00f3 \u00c9s possible personalitzar l&#8217;\u00fas de les cookies que utilitzem durant la teva navegaci\u00f3. Podr\u00e0s fer-ho aqu\u00ed. Qu\u00e8 s\u00f3n les cookies? Es tracta d&#8217;uns fitxers, que una vegada instal\u00b7lats en el teu navegador fan possible recopilar informaci\u00f3 relativa a les p\u00e0gines que es visiten, el temps de [&hellip;]<\/p>\n","protected":false},"author":1,"featured_media":0,"parent":0,"menu_order":21,"comment_status":"closed","ping_status":"closed","template":"","meta":{"_acf_changed":false,"advgb_blocks_editor_width":"","advgb_blocks_columns_visual_guide":"","footnotes":""},"class_list":["post-8265","page","type-page","status-publish","hentry"],"acf":[],"yoast_head":"<!-- This site is optimized with the Yoast SEO plugin v27.4 - https:\/\/yoast.com\/product\/yoast-seo-wordpress\/ -->\n<title>Pol\u00edtica de Cookies - Solsona Comunicaci\u00f3n<\/title>\n<meta name=\"robots\" content=\"index, follow, max-snippet:-1, max-image-preview:large, max-video-preview:-1\" \/>\n<link rel=\"canonical\" href=\"https:\/\/solsonacomunicacion.com\/ca\/politica-de-cookies\/\" \/>\n<meta property=\"og:locale\" content=\"ca_ES\" \/>\n<meta property=\"og:type\" content=\"article\" \/>\n<meta property=\"og:title\" content=\"Pol\u00edtica de Cookies - Solsona Comunicaci\u00f3n\" \/>\n<meta property=\"og:description\" content=\"Pol\u00edtica de Cookies Personalitzar les cookies durant la navegaci\u00f3 \u00c9s possible personalitzar l&#8217;\u00fas de les cookies que utilitzem durant la teva navegaci\u00f3. Podr\u00e0s fer-ho aqu\u00ed. Qu\u00e8 s\u00f3n les cookies? Es tracta d&#8217;uns fitxers, que una vegada instal\u00b7lats en el teu navegador fan possible recopilar informaci\u00f3 relativa a les p\u00e0gines que es visiten, el temps de [&hellip;]\" \/>\n<meta property=\"og:url\" content=\"https:\/\/solsonacomunicacion.com\/ca\/politica-de-cookies\/\" \/>\n<meta property=\"og:site_name\" content=\"Solsona Comunicaci\u00f3n\" \/>\n<meta property=\"article:modified_time\" content=\"2022-02-10T17:26:44+00:00\" \/>\n<meta name=\"twitter:card\" content=\"summary_large_image\" \/>\n<meta name=\"twitter:label1\" content=\"Temps estimat de lectura\" \/>\n\t<meta name=\"twitter:data1\" content=\"7 minuts\" \/>\n<script type=\"application\/ld+json\" class=\"yoast-schema-graph\">{\"@context\":\"https:\\\/\\\/schema.org\",\"@graph\":[{\"@type\":\"WebPage\",\"@id\":\"https:\\\/\\\/solsonacomunicacion.com\\\/ca\\\/politica-de-cookies\\\/\",\"url\":\"https:\\\/\\\/solsonacomunicacion.com\\\/ca\\\/politica-de-cookies\\\/\",\"name\":\"Pol\u00edtica de Cookies - Solsona Comunicaci\u00f3n\",\"isPartOf\":{\"@id\":\"https:\\\/\\\/solsonacomunicacion.com\\\/ca\\\/#website\"},\"datePublished\":\"2020-10-07T11:24:06+00:00\",\"dateModified\":\"2022-02-10T17:26:44+00:00\",\"breadcrumb\":{\"@id\":\"https:\\\/\\\/solsonacomunicacion.com\\\/ca\\\/politica-de-cookies\\\/#breadcrumb\"},\"inLanguage\":\"ca\",\"potentialAction\":[{\"@type\":\"ReadAction\",\"target\":[\"https:\\\/\\\/solsonacomunicacion.com\\\/ca\\\/politica-de-cookies\\\/\"]}]},{\"@type\":\"BreadcrumbList\",\"@id\":\"https:\\\/\\\/solsonacomunicacion.com\\\/ca\\\/politica-de-cookies\\\/#breadcrumb\",\"itemListElement\":[{\"@type\":\"ListItem\",\"position\":1,\"name\":\"Home\",\"item\":\"https:\\\/\\\/solsonacomunicacion.com\\\/ca\\\/\"},{\"@type\":\"ListItem\",\"position\":2,\"name\":\"Pol\u00edtica de Cookies\"}]},{\"@type\":\"WebSite\",\"@id\":\"https:\\\/\\\/solsonacomunicacion.com\\\/ca\\\/#website\",\"url\":\"https:\\\/\\\/solsonacomunicacion.com\\\/ca\\\/\",\"name\":\"Solsona Comunicaci\u00f3n\",\"description\":\"Agencia global de comunicaci\u00f3n y relaciones p\u00fablicas que colabora en la construcci\u00f3n e implantaci\u00f3n de s\u00f3lidas estrategias, con el objetivo de aportar valor a las distintas empresas y organizaciones con las que colabora.\",\"publisher\":{\"@id\":\"https:\\\/\\\/solsonacomunicacion.com\\\/ca\\\/#organization\"},\"potentialAction\":[{\"@type\":\"SearchAction\",\"target\":{\"@type\":\"EntryPoint\",\"urlTemplate\":\"https:\\\/\\\/solsonacomunicacion.com\\\/ca\\\/?s={search_term_string}\"},\"query-input\":{\"@type\":\"PropertyValueSpecification\",\"valueRequired\":true,\"valueName\":\"search_term_string\"}}],\"inLanguage\":\"ca\"},{\"@type\":\"Organization\",\"@id\":\"https:\\\/\\\/solsonacomunicacion.com\\\/ca\\\/#organization\",\"name\":\"Solsona Comunicaci\u00f3n\",\"url\":\"https:\\\/\\\/solsonacomunicacion.com\\\/ca\\\/\",\"logo\":{\"@type\":\"ImageObject\",\"inLanguage\":\"ca\",\"@id\":\"https:\\\/\\\/solsonacomunicacion.com\\\/ca\\\/#\\\/schema\\\/logo\\\/image\\\/\",\"url\":\"https:\\\/\\\/solsonacomunicacion.com\\\/wp-content\\\/uploads\\\/2020\\\/10\\\/Logo-blanco-web-1.png\",\"contentUrl\":\"https:\\\/\\\/solsonacomunicacion.com\\\/wp-content\\\/uploads\\\/2020\\\/10\\\/Logo-blanco-web-1.png\",\"width\":1642,\"height\":455,\"caption\":\"Solsona Comunicaci\u00f3n\"},\"image\":{\"@id\":\"https:\\\/\\\/solsonacomunicacion.com\\\/ca\\\/#\\\/schema\\\/logo\\\/image\\\/\"}}]}<\/script>\n<!-- \/ Yoast SEO plugin. -->","yoast_head_json":{"title":"Pol\u00edtica de Cookies - Solsona Comunicaci\u00f3n","robots":{"index":"index","follow":"follow","max-snippet":"max-snippet:-1","max-image-preview":"max-image-preview:large","max-video-preview":"max-video-preview:-1"},"canonical":"https:\/\/solsonacomunicacion.com\/ca\/politica-de-cookies\/","og_locale":"ca_ES","og_type":"article","og_title":"Pol\u00edtica de Cookies - Solsona Comunicaci\u00f3n","og_description":"Pol\u00edtica de Cookies Personalitzar les cookies durant la navegaci\u00f3 \u00c9s possible personalitzar l&#8217;\u00fas de les cookies que utilitzem durant la teva navegaci\u00f3. Podr\u00e0s fer-ho aqu\u00ed. Qu\u00e8 s\u00f3n les cookies? Es tracta d&#8217;uns fitxers, que una vegada instal\u00b7lats en el teu navegador fan possible recopilar informaci\u00f3 relativa a les p\u00e0gines que es visiten, el temps de [&hellip;]","og_url":"https:\/\/solsonacomunicacion.com\/ca\/politica-de-cookies\/","og_site_name":"Solsona Comunicaci\u00f3n","article_modified_time":"2022-02-10T17:26:44+00:00","twitter_card":"summary_large_image","twitter_misc":{"Temps estimat de lectura":"7 minuts"},"schema":{"@context":"https:\/\/schema.org","@graph":[{"@type":"WebPage","@id":"https:\/\/solsonacomunicacion.com\/ca\/politica-de-cookies\/","url":"https:\/\/solsonacomunicacion.com\/ca\/politica-de-cookies\/","name":"Pol\u00edtica de Cookies - Solsona Comunicaci\u00f3n","isPartOf":{"@id":"https:\/\/solsonacomunicacion.com\/ca\/#website"},"datePublished":"2020-10-07T11:24:06+00:00","dateModified":"2022-02-10T17:26:44+00:00","breadcrumb":{"@id":"https:\/\/solsonacomunicacion.com\/ca\/politica-de-cookies\/#breadcrumb"},"inLanguage":"ca","potentialAction":[{"@type":"ReadAction","target":["https:\/\/solsonacomunicacion.com\/ca\/politica-de-cookies\/"]}]},{"@type":"BreadcrumbList","@id":"https:\/\/solsonacomunicacion.com\/ca\/politica-de-cookies\/#breadcrumb","itemListElement":[{"@type":"ListItem","position":1,"name":"Home","item":"https:\/\/solsonacomunicacion.com\/ca\/"},{"@type":"ListItem","position":2,"name":"Pol\u00edtica de Cookies"}]},{"@type":"WebSite","@id":"https:\/\/solsonacomunicacion.com\/ca\/#website","url":"https:\/\/solsonacomunicacion.com\/ca\/","name":"Solsona Comunicaci\u00f3n","description":"Agencia global de comunicaci\u00f3n y relaciones p\u00fablicas que colabora en la construcci\u00f3n e implantaci\u00f3n de s\u00f3lidas estrategias, con el objetivo de aportar valor a las distintas empresas y organizaciones con las que colabora.","publisher":{"@id":"https:\/\/solsonacomunicacion.com\/ca\/#organization"},"potentialAction":[{"@type":"SearchAction","target":{"@type":"EntryPoint","urlTemplate":"https:\/\/solsonacomunicacion.com\/ca\/?s={search_term_string}"},"query-input":{"@type":"PropertyValueSpecification","valueRequired":true,"valueName":"search_term_string"}}],"inLanguage":"ca"},{"@type":"Organization","@id":"https:\/\/solsonacomunicacion.com\/ca\/#organization","name":"Solsona Comunicaci\u00f3n","url":"https:\/\/solsonacomunicacion.com\/ca\/","logo":{"@type":"ImageObject","inLanguage":"ca","@id":"https:\/\/solsonacomunicacion.com\/ca\/#\/schema\/logo\/image\/","url":"https:\/\/solsonacomunicacion.com\/wp-content\/uploads\/2020\/10\/Logo-blanco-web-1.png","contentUrl":"https:\/\/solsonacomunicacion.com\/wp-content\/uploads\/2020\/10\/Logo-blanco-web-1.png","width":1642,"height":455,"caption":"Solsona Comunicaci\u00f3n"},"image":{"@id":"https:\/\/solsonacomunicacion.com\/ca\/#\/schema\/logo\/image\/"}}]}},"coauthors":[],"author_meta":{"author_link":"https:\/\/solsonacomunicacion.com\/ca\/author\/websalia\/","display_name":"websalia"},"relative_dates":{"created":"Posted 6 anys ago","modified":"Updated 4 anys ago"},"absolute_dates":{"created":"Posted on 7 d'octubre de 2020","modified":"Updated on 10 de febrer de 2022"},"absolute_dates_time":{"created":"Posted on 7 d'octubre de 2020 11:24","modified":"Updated on 10 de febrer de 2022 17:26"},"featured_img_caption":"","featured_img":false,"series_order":"","_links":{"self":[{"href":"https:\/\/solsonacomunicacion.com\/ca\/wp-json\/wp\/v2\/pages\/8265","targetHints":{"allow":["GET"]}}],"collection":[{"href":"https:\/\/solsonacomunicacion.com\/ca\/wp-json\/wp\/v2\/pages"}],"about":[{"href":"https:\/\/solsonacomunicacion.com\/ca\/wp-json\/wp\/v2\/types\/page"}],"author":[{"embeddable":true,"href":"https:\/\/solsonacomunicacion.com\/ca\/wp-json\/wp\/v2\/users\/1"}],"replies":[{"embeddable":true,"href":"https:\/\/solsonacomunicacion.com\/ca\/wp-json\/wp\/v2\/comments?post=8265"}],"version-history":[{"count":1,"href":"https:\/\/solsonacomunicacion.com\/ca\/wp-json\/wp\/v2\/pages\/8265\/revisions"}],"predecessor-version":[{"id":8266,"href":"https:\/\/solsonacomunicacion.com\/ca\/wp-json\/wp\/v2\/pages\/8265\/revisions\/8266"}],"wp:attachment":[{"href":"https:\/\/solsonacomunicacion.com\/ca\/wp-json\/wp\/v2\/media?parent=8265"}],"curies":[{"name":"wp","href":"https:\/\/api.w.org\/{rel}","templated":true}]}}