{"id":8263,"date":"2020-10-07T11:23:54","date_gmt":"2020-10-07T11:23:54","guid":{"rendered":"https:\/\/solsonacomunicacion.com\/avis-legal\/"},"modified":"2022-02-10T17:22:10","modified_gmt":"2022-02-10T17:22:10","slug":"avis-legal","status":"publish","type":"page","link":"https:\/\/solsonacomunicacion.com\/ca\/avis-legal\/","title":{"rendered":"Av\u00eds Legal"},"content":{"rendered":"\t\t<div data-elementor-type=\"wp-page\" data-elementor-id=\"8263\" class=\"elementor elementor-8263 elementor-171\" data-elementor-post-type=\"page\">\n\t\t\t\t\t\t<section class=\"elementor-section elementor-top-section elementor-element elementor-element-a491bf6 elementor-section-boxed elementor-section-height-default elementor-section-height-default\" data-id=\"a491bf6\" data-element_type=\"section\" data-e-type=\"section\">\n\t\t\t\t\t\t<div class=\"elementor-container elementor-column-gap-default\">\n\t\t\t\t\t<div class=\"elementor-column elementor-col-100 elementor-top-column elementor-element elementor-element-e0b0b08\" data-id=\"e0b0b08\" data-element_type=\"column\" data-e-type=\"column\">\n\t\t\t<div class=\"elementor-widget-wrap elementor-element-populated\">\n\t\t\t\t\t\t<div class=\"elementor-element elementor-element-39119ef elementor-widget elementor-widget-heading\" data-id=\"39119ef\" data-element_type=\"widget\" data-e-type=\"widget\" data-widget_type=\"heading.default\">\n\t\t\t\t<div class=\"elementor-widget-container\">\n\t\t\t\t\t<h4 class=\"elementor-heading-title elementor-size-default\">Av\u00eds Legal<\/h4>\t\t\t\t<\/div>\n\t\t\t\t<\/div>\n\t\t\t\t<div class=\"elementor-element elementor-element-f8380c4 elementor-widget elementor-widget-text-editor\" data-id=\"f8380c4\" data-element_type=\"widget\" data-e-type=\"widget\" data-widget_type=\"text-editor.default\">\n\t\t\t\t<div class=\"elementor-widget-container\">\n\t\t\t\t\t\t\t\t\tEn compliment de la Llei 34\/2002, d&#8217;11 de juliol, de Serveis de la Societat de la Informaci\u00f3 i de Comer\u00e7 Electr\u00f2nic (LSSI-CE), SOLSONA COMUNICACI\u00d3N SL informa que \u00e9s titular del lloc web www.solsonacomunicacion.com. D&#8217;acord amb l&#8217;exig\u00e8ncia de l&#8217;article 10 de la citada Llei, SOLSONA COMUNICACI\u00d3N SL informa de les seg\u00fcents dades:\r\n\r\nL&#8217;adre\u00e7a de correu electr\u00f2nic de contacte amb l&#8217;empresa \u00e9s: info@solsonacomunicacion.com.\r\n\r\nUsuari i r\u00e8gim de responsabilitats\r\n\r\nLa navegaci\u00f3, acc\u00e9s i \u00fas pel lloc web de SOLSONA COMUNICACI\u00d3N SL confereix la condici\u00f3 d&#8217;usuari, per la qual s&#8217;accepten, des de la navegaci\u00f3 pel lloc web de SOLSONA COMUNICACI\u00d3N SL, totes les condicions d&#8217;\u00fas aqu\u00ed establertes sense perjudici de l&#8217;aplicaci\u00f3 de la corresponent normativa d&#8217;obligat compliment legal segons el cas.\r\n\r\nEl lloc web de SOLSONA COMUNICACI\u00d3N SL proporciona gran diversitat d&#8217;informaci\u00f3, serveis i dades. L&#8217;usuari assumeix la seva responsabilitat en l&#8217;\u00fas correcte del lloc web. Aquesta responsabilitat s&#8217;estendr\u00e0 a:\r\n\r\nLa veracitat i licitud de les informacions aportades per l&#8217;usuari en els formularis estesos per SOLSONA COMUNICACI\u00d3N SL per a l&#8217;acc\u00e9s a uns certs continguts o serveis oferts pel web.\r\n\r\nL&#8217;\u00fas de la informaci\u00f3, serveis i dades ofertes per SOLSONA COMUNICACI\u00d3N SL contr\u00e0riament al que es disposa per les presents condicions, la Llei, la moral, els bons costums o l&#8217;ordre p\u00fablic, o que de qualsevol altra manera puguin suposar lesi\u00f3 dels drets de tercers o del mateix funcionament del lloc web.\r\n\r\nPol\u00edtica d&#8217;enlla\u00e7os i exempcions de responsabilitat\r\n\r\nSOLSONA COMUNICACI\u00d3N SL no es fa responsable del contingut dels llocs web als quals l&#8217;usuari pugui accedir a trav\u00e9s dels enlla\u00e7os establerts en el seu lloc web i declara que en cap cas procedir\u00e0 a examinar o exercitar cap mena de control sobre el contingut d&#8217;altres llocs de la xarxa. Aix\u00ed mateix, tampoc garantir\u00e0 la disponibilitat t\u00e8cnica, exactitud, veracitat, validesa o legalitat de llocs aliens a la seva propietat als quals es pugui accedir per mitj\u00e0 dels enlla\u00e7os.\r\n\r\nSOLSONA COMUNICACI\u00d3N SL declara haver adoptat totes les mesures necess\u00e0ries per a evitar qualsevol mal als usuaris del seu lloc web, que poguessin derivar-se de la navegaci\u00f3 pel seu lloc web. En conseq\u00fc\u00e8ncia, SOLSONA COMUNICACI\u00d3N SL no es fa responsable, en cap cas, dels eventuals danys que per la navegaci\u00f3 per Internet pogu\u00e9s sofrir l&#8217;usuari.\r\n\r\nModificacions\r\n\r\nSOLSONA COMUNICACI\u00d3N SL es reserva el dret a realitzar les modificacions que consideri oportunes, sense av\u00eds previ, en el contingut del seu lloc web. Tant referent als continguts del lloc web, com en les condicions d&#8217;\u00fas d&#8217;aquest. Aquestes modificacions podran realitzar-se a trav\u00e9s del seu lloc web per qualsevol forma admissible en dret i seran d&#8217;obligat compliment durant el temps en qu\u00e8 es trobin publicades en la web i fins que no siguin modificades v\u00e0lidament per altres posteriors.\r\n\r\nProtecci\u00f3 de dades\r\n\r\nDe conformitat amb el que s&#8217;estableix en la normativa vigent en Protecci\u00f3 de Dades de Car\u00e0cter Personal, l&#8217;informem que les seves dades seran incorporades al sistema de tractament titularitat de SOLSONA COMUNICACI\u00d3N SL amb CIF B61755633 i domicili social situat en ENRIC GRANADOS 145 2 08008, BARCELONA, amb la finalitat de poder facilitar, agilitar i complir els compromisos establerts entre totes dues parts. En compliment amb la normativa vigent, SOLSONA COMUNICACI\u00d3N SL informa que les dades seran conservades durant el termini estrictament necessari per a complir amb els preceptes esmentats amb anterioritat.\r\n\r\nL&#8217;informem que el tractament de les seves dades est\u00e0 legitimat pel seu consentiment.\r\n\r\nSOLSONA COMUNICACI\u00d3N SL informa que procedir\u00e0 a tractar les dades de manera l\u00edcita, lleial, transparent, adequada, pertinent, limitada, exacta i actualitzada. \u00c9s per aix\u00f2 que SOLSONA COMUNICACI\u00d3N SL es compromet a adoptar totes les mesures raonables perqu\u00e8 aquests se suprimeixin o rectifiquin sense dilaci\u00f3 quan siguin inexactes.\r\n\r\nD&#8217;acord amb els drets que li confereix el la normativa vigent en protecci\u00f3 de dades podr\u00e0 exercir els drets d&#8217;acc\u00e9s, rectificaci\u00f3, limitaci\u00f3 de tractament, supressi\u00f3, portabilitat i oposici\u00f3 al tractament de les seves dades de car\u00e0cter personal aix\u00ed com del consentiment prestat per al tractament d&#8217;aquests, dirigint la seva petici\u00f3 a l&#8217;adre\u00e7a postal indicada m\u00e9s amunt o al correu electr\u00f2nic info@solsonacomunicacion.com.\r\n\r\nPodr\u00e0 dirigir-se a l&#8217;Autoritat de Control competent per a presentar la reclamaci\u00f3 que consideri oportuna.\r\n\r\nPropietat intel\u00b7lectual i industrial\r\n\r\nSOLSONA COMUNICACI\u00d3N SL per si mateixa o com a cession\u00e0ria, \u00e9s titular de tots els drets de propietat intel\u00b7lectual i industrial de la seva p\u00e0gina web, aix\u00ed com dels elements continguts en la mateixa (a t\u00edtol enunciatiu, imatges, so, \u00e0udio, v\u00eddeo, programari o textos; marques o logotips, combinacions de colors, estructura i disseny, selecci\u00f3 de materials usats, programes d&#8217;ordinador necessaris per al seu funcionament, acc\u00e9s i \u00fas, etc.), titularitat SOLSONA COMUNICACI\u00d3N SL. Seran, per conseg\u00fcent, obres protegides com a propietat intel\u00b7lectual per l&#8217;ordenament jur\u00eddic espanyol, sent-los aplicables tant la normativa espanyola i comunit\u00e0ria en aquest camp, com els tractats internacionals relatius a la mat\u00e8ria i subscrits per Espanya.\r\n\r\nTots els drets reservats. En virtut del que es disposa en la Llei de Propietat Intel\u00b7lectual, queden expressament prohibides la reproducci\u00f3, la distribuci\u00f3 i la comunicaci\u00f3 p\u00fablica, inclosa la seva modalitat de posada a disposici\u00f3, de la totalitat o part dels continguts d&#8217;aquesta p\u00e0gina web, amb finalitats comercials, en qualsevol suport i per qualsevol mitj\u00e0 t\u00e8cnic, sense l&#8217;autoritzaci\u00f3 de SOLSONA COMUNICACI\u00d3N SL.\r\n\r\nL&#8217;usuari es compromet a respectar els drets de Propietat Intel\u00b7lectual i Industrial titularitat de SOLSONA COMUNICACI\u00d3N SL. Podr\u00e0 visualitzar els elements del portal i fins i tot imprimir-los, copiar-los i emmagatzemar-los en el disc dur del seu ordinador o en qualsevol altre suport f\u00edsic sempre que sigui, exclusivament, per al seu \u00fas personal i privat. L&#8217;usuari haur\u00e0 d&#8217;abstenir-se de suprimir, alterar, eludir o manipular qualsevol dispositiu de protecci\u00f3 o sistema de seguretat que estigu\u00e9s instal\u00b7lat en les p\u00e0gines de SOLSONA COMUNICACI\u00d3N SL.\r\n\r\nAccions legals, legislaci\u00f3 aplicable i jurisdicci\u00f3\r\n\r\nSOLSONA COMUNICACI\u00d3N SL es reserva, aix\u00ed mateix, la facultat de presentar les accions civils o penals que consideri oportunes per la utilitzaci\u00f3 indeguda del seu lloc web i continguts, o per l&#8217;incompliment de les presents condicions.\r\n\r\nLa relaci\u00f3 entre l&#8217;usuari i el prestador es regir\u00e0 per la normativa vigent i d&#8217;aplicaci\u00f3 en el territori espanyol. De sorgir qualsevol controv\u00e8rsia les parts podran sotmetre els seus conflictes a arbitratge o acudir a la jurisdicci\u00f3 ordin\u00e0ria complint amb les normes sobre jurisdicci\u00f3 i compet\u00e8ncia sobre aquest tema. SOLSONA COMUNICACI\u00d3N SL t\u00e9 el seu domicili a BARCELONA, Espanya.\t\t\t\t\t\t\t\t<\/div>\n\t\t\t\t<\/div>\n\t\t\t\t\t<\/div>\n\t\t<\/div>\n\t\t\t\t\t<\/div>\n\t\t<\/section>\n\t\t\t\t<\/div>\n\t\t","protected":false},"excerpt":{"rendered":"<p>Av\u00eds Legal En compliment de la Llei 34\/2002, d&#8217;11 de juliol, de Serveis de la Societat de la Informaci\u00f3 i de Comer\u00e7 Electr\u00f2nic (LSSI-CE), SOLSONA COMUNICACI\u00d3N SL informa que \u00e9s titular del lloc web www.solsonacomunicacion.com. D&#8217;acord amb l&#8217;exig\u00e8ncia de l&#8217;article 10 de la citada Llei, SOLSONA COMUNICACI\u00d3N SL informa de les seg\u00fcents dades: L&#8217;adre\u00e7a de [&hellip;]<\/p>\n","protected":false},"author":1,"featured_media":0,"parent":0,"menu_order":11,"comment_status":"closed","ping_status":"closed","template":"","meta":{"_acf_changed":false,"advgb_blocks_editor_width":"","advgb_blocks_columns_visual_guide":"","footnotes":""},"class_list":["post-8263","page","type-page","status-publish","hentry"],"acf":[],"yoast_head":"<!-- This site is optimized with the Yoast SEO plugin v27.4 - https:\/\/yoast.com\/product\/yoast-seo-wordpress\/ -->\n<title>Av\u00eds Legal - Solsona Comunicaci\u00f3n<\/title>\n<meta name=\"robots\" content=\"index, follow, max-snippet:-1, max-image-preview:large, max-video-preview:-1\" \/>\n<link rel=\"canonical\" href=\"https:\/\/solsonacomunicacion.com\/ca\/avis-legal\/\" \/>\n<meta property=\"og:locale\" content=\"ca_ES\" \/>\n<meta property=\"og:type\" content=\"article\" \/>\n<meta property=\"og:title\" content=\"Av\u00eds Legal - Solsona Comunicaci\u00f3n\" \/>\n<meta property=\"og:description\" content=\"Av\u00eds Legal En compliment de la Llei 34\/2002, d&#8217;11 de juliol, de Serveis de la Societat de la Informaci\u00f3 i de Comer\u00e7 Electr\u00f2nic (LSSI-CE), SOLSONA COMUNICACI\u00d3N SL informa que \u00e9s titular del lloc web www.solsonacomunicacion.com. D&#8217;acord amb l&#8217;exig\u00e8ncia de l&#8217;article 10 de la citada Llei, SOLSONA COMUNICACI\u00d3N SL informa de les seg\u00fcents dades: L&#8217;adre\u00e7a de [&hellip;]\" \/>\n<meta property=\"og:url\" content=\"https:\/\/solsonacomunicacion.com\/ca\/avis-legal\/\" \/>\n<meta property=\"og:site_name\" content=\"Solsona Comunicaci\u00f3n\" \/>\n<meta property=\"article:modified_time\" content=\"2022-02-10T17:22:10+00:00\" \/>\n<meta name=\"twitter:card\" content=\"summary_large_image\" \/>\n<meta name=\"twitter:label1\" content=\"Temps estimat de lectura\" \/>\n\t<meta name=\"twitter:data1\" content=\"6 minuts\" \/>\n<script type=\"application\/ld+json\" class=\"yoast-schema-graph\">{\"@context\":\"https:\\\/\\\/schema.org\",\"@graph\":[{\"@type\":\"WebPage\",\"@id\":\"https:\\\/\\\/solsonacomunicacion.com\\\/ca\\\/avis-legal\\\/\",\"url\":\"https:\\\/\\\/solsonacomunicacion.com\\\/ca\\\/avis-legal\\\/\",\"name\":\"Av\u00eds Legal - Solsona Comunicaci\u00f3n\",\"isPartOf\":{\"@id\":\"https:\\\/\\\/solsonacomunicacion.com\\\/ca\\\/#website\"},\"datePublished\":\"2020-10-07T11:23:54+00:00\",\"dateModified\":\"2022-02-10T17:22:10+00:00\",\"breadcrumb\":{\"@id\":\"https:\\\/\\\/solsonacomunicacion.com\\\/ca\\\/avis-legal\\\/#breadcrumb\"},\"inLanguage\":\"ca\",\"potentialAction\":[{\"@type\":\"ReadAction\",\"target\":[\"https:\\\/\\\/solsonacomunicacion.com\\\/ca\\\/avis-legal\\\/\"]}]},{\"@type\":\"BreadcrumbList\",\"@id\":\"https:\\\/\\\/solsonacomunicacion.com\\\/ca\\\/avis-legal\\\/#breadcrumb\",\"itemListElement\":[{\"@type\":\"ListItem\",\"position\":1,\"name\":\"Home\",\"item\":\"https:\\\/\\\/solsonacomunicacion.com\\\/ca\\\/\"},{\"@type\":\"ListItem\",\"position\":2,\"name\":\"Av\u00eds Legal\"}]},{\"@type\":\"WebSite\",\"@id\":\"https:\\\/\\\/solsonacomunicacion.com\\\/ca\\\/#website\",\"url\":\"https:\\\/\\\/solsonacomunicacion.com\\\/ca\\\/\",\"name\":\"Solsona Comunicaci\u00f3n\",\"description\":\"Agencia global de comunicaci\u00f3n y relaciones p\u00fablicas que colabora en la construcci\u00f3n e implantaci\u00f3n de s\u00f3lidas estrategias, con el objetivo de aportar valor a las distintas empresas y organizaciones con las que colabora.\",\"publisher\":{\"@id\":\"https:\\\/\\\/solsonacomunicacion.com\\\/ca\\\/#organization\"},\"potentialAction\":[{\"@type\":\"SearchAction\",\"target\":{\"@type\":\"EntryPoint\",\"urlTemplate\":\"https:\\\/\\\/solsonacomunicacion.com\\\/ca\\\/?s={search_term_string}\"},\"query-input\":{\"@type\":\"PropertyValueSpecification\",\"valueRequired\":true,\"valueName\":\"search_term_string\"}}],\"inLanguage\":\"ca\"},{\"@type\":\"Organization\",\"@id\":\"https:\\\/\\\/solsonacomunicacion.com\\\/ca\\\/#organization\",\"name\":\"Solsona Comunicaci\u00f3n\",\"url\":\"https:\\\/\\\/solsonacomunicacion.com\\\/ca\\\/\",\"logo\":{\"@type\":\"ImageObject\",\"inLanguage\":\"ca\",\"@id\":\"https:\\\/\\\/solsonacomunicacion.com\\\/ca\\\/#\\\/schema\\\/logo\\\/image\\\/\",\"url\":\"https:\\\/\\\/solsonacomunicacion.com\\\/wp-content\\\/uploads\\\/2020\\\/10\\\/Logo-blanco-web-1.png\",\"contentUrl\":\"https:\\\/\\\/solsonacomunicacion.com\\\/wp-content\\\/uploads\\\/2020\\\/10\\\/Logo-blanco-web-1.png\",\"width\":1642,\"height\":455,\"caption\":\"Solsona Comunicaci\u00f3n\"},\"image\":{\"@id\":\"https:\\\/\\\/solsonacomunicacion.com\\\/ca\\\/#\\\/schema\\\/logo\\\/image\\\/\"}}]}<\/script>\n<!-- \/ Yoast SEO plugin. -->","yoast_head_json":{"title":"Av\u00eds Legal - Solsona Comunicaci\u00f3n","robots":{"index":"index","follow":"follow","max-snippet":"max-snippet:-1","max-image-preview":"max-image-preview:large","max-video-preview":"max-video-preview:-1"},"canonical":"https:\/\/solsonacomunicacion.com\/ca\/avis-legal\/","og_locale":"ca_ES","og_type":"article","og_title":"Av\u00eds Legal - Solsona Comunicaci\u00f3n","og_description":"Av\u00eds Legal En compliment de la Llei 34\/2002, d&#8217;11 de juliol, de Serveis de la Societat de la Informaci\u00f3 i de Comer\u00e7 Electr\u00f2nic (LSSI-CE), SOLSONA COMUNICACI\u00d3N SL informa que \u00e9s titular del lloc web www.solsonacomunicacion.com. D&#8217;acord amb l&#8217;exig\u00e8ncia de l&#8217;article 10 de la citada Llei, SOLSONA COMUNICACI\u00d3N SL informa de les seg\u00fcents dades: L&#8217;adre\u00e7a de [&hellip;]","og_url":"https:\/\/solsonacomunicacion.com\/ca\/avis-legal\/","og_site_name":"Solsona Comunicaci\u00f3n","article_modified_time":"2022-02-10T17:22:10+00:00","twitter_card":"summary_large_image","twitter_misc":{"Temps estimat de lectura":"6 minuts"},"schema":{"@context":"https:\/\/schema.org","@graph":[{"@type":"WebPage","@id":"https:\/\/solsonacomunicacion.com\/ca\/avis-legal\/","url":"https:\/\/solsonacomunicacion.com\/ca\/avis-legal\/","name":"Av\u00eds Legal - Solsona Comunicaci\u00f3n","isPartOf":{"@id":"https:\/\/solsonacomunicacion.com\/ca\/#website"},"datePublished":"2020-10-07T11:23:54+00:00","dateModified":"2022-02-10T17:22:10+00:00","breadcrumb":{"@id":"https:\/\/solsonacomunicacion.com\/ca\/avis-legal\/#breadcrumb"},"inLanguage":"ca","potentialAction":[{"@type":"ReadAction","target":["https:\/\/solsonacomunicacion.com\/ca\/avis-legal\/"]}]},{"@type":"BreadcrumbList","@id":"https:\/\/solsonacomunicacion.com\/ca\/avis-legal\/#breadcrumb","itemListElement":[{"@type":"ListItem","position":1,"name":"Home","item":"https:\/\/solsonacomunicacion.com\/ca\/"},{"@type":"ListItem","position":2,"name":"Av\u00eds Legal"}]},{"@type":"WebSite","@id":"https:\/\/solsonacomunicacion.com\/ca\/#website","url":"https:\/\/solsonacomunicacion.com\/ca\/","name":"Solsona Comunicaci\u00f3n","description":"Agencia global de comunicaci\u00f3n y relaciones p\u00fablicas que colabora en la construcci\u00f3n e implantaci\u00f3n de s\u00f3lidas estrategias, con el objetivo de aportar valor a las distintas empresas y organizaciones con las que colabora.","publisher":{"@id":"https:\/\/solsonacomunicacion.com\/ca\/#organization"},"potentialAction":[{"@type":"SearchAction","target":{"@type":"EntryPoint","urlTemplate":"https:\/\/solsonacomunicacion.com\/ca\/?s={search_term_string}"},"query-input":{"@type":"PropertyValueSpecification","valueRequired":true,"valueName":"search_term_string"}}],"inLanguage":"ca"},{"@type":"Organization","@id":"https:\/\/solsonacomunicacion.com\/ca\/#organization","name":"Solsona Comunicaci\u00f3n","url":"https:\/\/solsonacomunicacion.com\/ca\/","logo":{"@type":"ImageObject","inLanguage":"ca","@id":"https:\/\/solsonacomunicacion.com\/ca\/#\/schema\/logo\/image\/","url":"https:\/\/solsonacomunicacion.com\/wp-content\/uploads\/2020\/10\/Logo-blanco-web-1.png","contentUrl":"https:\/\/solsonacomunicacion.com\/wp-content\/uploads\/2020\/10\/Logo-blanco-web-1.png","width":1642,"height":455,"caption":"Solsona Comunicaci\u00f3n"},"image":{"@id":"https:\/\/solsonacomunicacion.com\/ca\/#\/schema\/logo\/image\/"}}]}},"coauthors":[],"author_meta":{"author_link":"https:\/\/solsonacomunicacion.com\/ca\/author\/websalia\/","display_name":"websalia"},"relative_dates":{"created":"Posted 6 anys ago","modified":"Updated 4 anys ago"},"absolute_dates":{"created":"Posted on 7 d'octubre de 2020","modified":"Updated on 10 de febrer de 2022"},"absolute_dates_time":{"created":"Posted on 7 d'octubre de 2020 11:23","modified":"Updated on 10 de febrer de 2022 17:22"},"featured_img_caption":"","featured_img":false,"series_order":"","_links":{"self":[{"href":"https:\/\/solsonacomunicacion.com\/ca\/wp-json\/wp\/v2\/pages\/8263","targetHints":{"allow":["GET"]}}],"collection":[{"href":"https:\/\/solsonacomunicacion.com\/ca\/wp-json\/wp\/v2\/pages"}],"about":[{"href":"https:\/\/solsonacomunicacion.com\/ca\/wp-json\/wp\/v2\/types\/page"}],"author":[{"embeddable":true,"href":"https:\/\/solsonacomunicacion.com\/ca\/wp-json\/wp\/v2\/users\/1"}],"replies":[{"embeddable":true,"href":"https:\/\/solsonacomunicacion.com\/ca\/wp-json\/wp\/v2\/comments?post=8263"}],"version-history":[{"count":1,"href":"https:\/\/solsonacomunicacion.com\/ca\/wp-json\/wp\/v2\/pages\/8263\/revisions"}],"predecessor-version":[{"id":8264,"href":"https:\/\/solsonacomunicacion.com\/ca\/wp-json\/wp\/v2\/pages\/8263\/revisions\/8264"}],"wp:attachment":[{"href":"https:\/\/solsonacomunicacion.com\/ca\/wp-json\/wp\/v2\/media?parent=8263"}],"curies":[{"name":"wp","href":"https:\/\/api.w.org\/{rel}","templated":true}]}}